{"id":856,"date":"2021-09-07T14:29:35","date_gmt":"2021-09-07T12:29:35","guid":{"rendered":"https:\/\/gs-lerchenberg.de\/?page_id=856"},"modified":"2026-04-29T10:06:56","modified_gmt":"2026-04-29T08:06:56","slug":"foerderverein-und-betreuende-grundschule-2","status":"publish","type":"page","link":"https:\/\/gs-lerchenberg.de\/?page_id=856","title":{"rendered":"F\u00f6rderverein und Betreuende Grundschule"},"content":{"rendered":"\n<div class=\"wp-block-media-text alignwide has-media-on-the-right is-stacked-on-mobile\" style=\"grid-template-columns:auto 15%\"><div class=\"wp-block-media-text__content\">\n<p><strong>\u201eWas dem einzelnen nicht m\u00f6glich ist, das verm\u00f6gen viele.\u201c<\/strong><strong><\/strong><\/p>\n\n\n\n<p>Friedrich Wilhelm Raiffeisen (1818-1888)<\/p>\n<\/div><figure class=\"wp-block-media-text__media\"><img loading=\"lazy\" decoding=\"async\" width=\"300\" height=\"283\" src=\"https:\/\/gs-lerchenberg.de\/wp-content\/uploads\/2019\/02\/Logo20Foerderverein20GrundschuleLerchenberg_4-300x283.jpg\" alt=\"\" class=\"wp-image-113 size-full\" srcset=\"https:\/\/gs-lerchenberg.de\/wp-content\/uploads\/2019\/02\/Logo20Foerderverein20GrundschuleLerchenberg_4-300x283.jpg 300w, https:\/\/gs-lerchenberg.de\/wp-content\/uploads\/2019\/02\/Logo20Foerderverein20GrundschuleLerchenberg_4-300x283-286x270.jpg 286w\" sizes=\"auto, (max-width: 300px) 100vw, 300px\" \/><\/figure><\/div>\n\n\n\n<p><\/p>\n\n\n\n<p>Seit 1988 unterst\u00fctzen Eltern, Lehrer*innen und die Schulleitung mit ihrem pers\u00f6nlichen oder finanziellen Einsatz unsere Grundschule Lerchenberg im F\u00f6rderverein Grundschule Mainz-Lerchenberg e. V.<\/p>\n\n\n\n<p>Seien auch Sie mit dabei!<\/p>\n\n\n\n<p><strong>Wozu ein F\u00f6rderverein?<\/strong><\/p>\n\n\n\n<ul class=\"wp-block-list\">\n<li>Wir m\u00f6chten f\u00fcr alle Sch\u00fcler*innen das bestm\u00f6gliche Lernklima an der Schule schaffen.<\/li>\n\n\n\n<li>Wir f\u00f6rdern Projekte, die der kommunale Schultr\u00e4ger nicht finanziert.<\/li>\n\n\n\n<li>Wir bieten als Tr\u00e4ger die Betreuende Grundschule an (weitere Informationen finden Sie unten).<\/li>\n<\/ul>\n\n\n\n<p><strong>Welche M\u00f6glichkeiten gibt es, sich zu engagieren\/zu beteiligen?<\/strong><\/p>\n\n\n\n<ul class=\"wp-block-list\">\n<li>Werden Sie Mitglied des F\u00f6rdervereins \u2013 mit 24 Euro j\u00e4hrlich oder nach Wunsch mehr sind Sie dabei. <br>Die Beitrittserkl\u00e4rung finden Sie unten auf dieser Seite und unter \u201e<a href=\"https:\/\/gs-lerchenberg.de\/?page_id=64\">Downloads<\/a>\u201c.<\/li>\n<\/ul>\n\n\n\n<ul class=\"wp-block-list\">\n<li>Unterst\u00fctzen Sie die Aktionen des F\u00f6rdervereins, spenden Sie zum Beispiel Kuchen und Kaffee f\u00fcr die Kuchentheke bei der Einschulung der Erstkl\u00e4ssler*innen.<\/li>\n<\/ul>\n\n\n\n<ul class=\"wp-block-list\">\n<li>Bringen Sie Ihre Ideen und Ihre Tatkraft in die Schule ein.<\/li>\n<\/ul>\n\n\n\n<ul class=\"wp-block-list\">\n<li>Auch Sach- und Einzelspenden sind uns willkommen.<\/li>\n<\/ul>\n\n\n\n<p>Wir freuen uns, mit Ihnen f\u00fcr die Kinder etwas voranzubringen.<\/p>\n\n\n\n<p><strong>Welche Angebote bietet die Betreuende Grundschule?<\/strong><\/p>\n\n\n\n<p>Vor Unterrichtsbeginn am Morgen und am Freitagnachmittag k\u00f6nnen die Sch\u00fcler*innen betreut werden, es werden drei M\u00f6glichkeiten angeboten:<\/p>\n\n\n\n<ul class=\"wp-block-list\">\n<li><strong>Betreuungsm\u00f6glichkeit 1<\/strong><\/li>\n<\/ul>\n\n\n\n<p>Montag bis Freitag von 6.45 bis 7.45 Uhr<\/p>\n\n\n\n<p>Freitag von 13 bis 16 Uhr<\/p>\n\n\n\n<p>Der monatliche Elternbeitrag liegt bei 40 Euro.<\/p>\n\n\n\n<ul class=\"wp-block-list\">\n<li><strong>Betreuungsm\u00f6glichkeit 2<\/strong><\/li>\n<\/ul>\n\n\n\n<p>Montag bis Freitag von 6.45 bis 7.45 Uhr<\/p>\n\n\n\n<p>Der monatliche Elternbeitrag liegt bei 30 Euro.<\/p>\n\n\n\n<ul class=\"wp-block-list\">\n<li><strong>Betreuungsm\u00f6glichkeit 3<\/strong><\/li>\n<\/ul>\n\n\n\n<p>Freitag von 13 bis 16 Uhr<\/p>\n\n\n\n<p>Der monatliche Elternbeitrag liegt bei 20 Euro.<\/p>\n\n\n\n<p>Die Eltern geben ihrem Kind freitags Verpflegung f\u00fcr das Mittagessen von zu Hause mit.<\/p>\n\n\n\n<p>Diese <strong>Aktivit\u00e4ten <\/strong>werden von der Betreuenden Grundschule angeboten:<\/p>\n\n\n\n<ul class=\"wp-block-list\">\n<li>von 6.45 bis 7.45 Uhr Ankommen, Malen, Basteln, Spielen in der Mensa oder im Au\u00dfengel\u00e4nde<\/li>\n\n\n\n<li>von 12 bis 13 Uhr Freispiel in der Mensa oder im Au\u00dfengel\u00e4nde<\/li>\n\n\n\n<li>ab 13 Uhr gemeinsames Mittagessen der mitgebrachten Verpflegung<\/li>\n\n\n\n<li>anschlie\u00dfend Spielen in der Mensa, der Turnhalle oder im Au\u00dfengel\u00e4nde, Basteln in der Mensa<\/li>\n<\/ul>\n\n\n\n<p><strong>Anmeldung<\/strong><br>Sie m\u00f6chten Ihr Kind zur Betreuenden Grundschule anmelden?<\/p>\n\n\n\n<p>Dann wenden Sie sich bitte an Frau Eisinger unter der Telefonnummer 0151 23 28 89 02.<\/p>\n\n\n\n<p>Das Formular zur Anmeldung erhalten Sie auch im Sekretariat der Grundschule oder unter \u201e<a rel=\"noreferrer noopener\" href=\"https:\/\/gs-lerchenberg.de\/?page_id=64\" data-type=\"URL\" data-id=\"https:\/\/gs-lerchenberg.de\/?page_id=64\" target=\"_blank\">Downloads<\/a>\u201c.<\/p>\n\n\n\n<p><\/p>\n\n\n\n<div class=\"wp-block-columns is-layout-flex wp-container-core-columns-is-layout-2 wp-block-columns-is-layout-flex\">\n<div class=\"wp-block-column is-layout-flow wp-block-column-is-layout-flow\" style=\"flex-basis:100%\">\n<p><strong>Ansprechpartnerinnen<\/strong><br>1. Vorsitzende: Jasmin Keber<br>stellvertretende Vorsitzende: Lisa Baum<br>Schriftf\u00fchrerin: Nicola Bartholme<br>Schatzmeisterin: Elke Weidner<br>Beisitzerinnen: Alexandra Eckhardt, Cordelia Gr\u00f6schel, Annika Hartmann, Katrin Schuster-F\u00f6lsing<\/p>\n\n\n\n<p><strong>Kontakt<\/strong><\/p>\n\n\n\n<p>Email (allgemeine Anfragen): <a href=\"mailto:foerderverein@gs-lerchenberg.de\">foerderverein@gs-lerchenberg.de<\/a><br>Email (f\u00fcr Mitglieder): <a href=\"mailto:foerderverein.mitglieder@gs-lerchenberg.de\">foerderverein.mitglieder@gs-lerchenberg.de<\/a><\/p>\n\n\n\n<div class=\"wp-block-columns is-layout-flex wp-container-core-columns-is-layout-1 wp-block-columns-is-layout-flex\">\n<div class=\"wp-block-column is-layout-flow wp-block-column-is-layout-flow\" style=\"flex-basis:100%\"><\/div>\n<\/div>\n<\/div>\n<\/div>\n\n\n\n<p><strong>Bankverbindung f\u00fcr Spenden<\/strong><\/p>\n\n\n\n<p>Rheinhessen Sparkasse<\/p>\n\n\n\n<p>IBAN: DE20 5535 0010 0032 0001 68<\/p>\n\n\n\n<p>Wir freuen uns auf Sie als neues Mitglied und auf Ihre Vorschl\u00e4ge f\u00fcr neue Projekte des Vereins.<\/p>\n\n\n\n<p>Danke sagen wir im Namen aller Kinder!<\/p>\n\n\n\n<p>Ihr F\u00f6rderverein Grundschule Mainz-Lerchenberg e. V.<\/p>\n\n\n\n<p><\/p>\n","protected":false},"excerpt":{"rendered":"<p>\u201eWas dem einzelnen nicht m\u00f6glich ist, das verm\u00f6gen viele.\u201c Friedrich Wilhelm Raiffeisen (1818-1888) Seit 1988 unterst\u00fctzen Eltern, Lehrer*innen und die Schulleitung mit ihrem pers\u00f6nlichen oder finanziellen Einsatz unsere Grundschule Lerchenberg im F\u00f6rderverein Grundschule Mainz-Lerchenberg e. V. Seien auch Sie mit <a href=\"https:\/\/gs-lerchenberg.de\/?page_id=856\" class=\"read-more\">Read More &#8230;<\/a><\/p>\n","protected":false},"author":1,"featured_media":0,"parent":22,"menu_order":0,"comment_status":"closed","ping_status":"closed","template":"","meta":{"footnotes":""},"class_list":["post-856","page","type-page","status-publish","hentry"],"_links":{"self":[{"href":"https:\/\/gs-lerchenberg.de\/index.php?rest_route=\/wp\/v2\/pages\/856","targetHints":{"allow":["GET"]}}],"collection":[{"href":"https:\/\/gs-lerchenberg.de\/index.php?rest_route=\/wp\/v2\/pages"}],"about":[{"href":"https:\/\/gs-lerchenberg.de\/index.php?rest_route=\/wp\/v2\/types\/page"}],"author":[{"embeddable":true,"href":"https:\/\/gs-lerchenberg.de\/index.php?rest_route=\/wp\/v2\/users\/1"}],"replies":[{"embeddable":true,"href":"https:\/\/gs-lerchenberg.de\/index.php?rest_route=%2Fwp%2Fv2%2Fcomments&post=856"}],"version-history":[{"count":33,"href":"https:\/\/gs-lerchenberg.de\/index.php?rest_route=\/wp\/v2\/pages\/856\/revisions"}],"predecessor-version":[{"id":1289,"href":"https:\/\/gs-lerchenberg.de\/index.php?rest_route=\/wp\/v2\/pages\/856\/revisions\/1289"}],"up":[{"embeddable":true,"href":"https:\/\/gs-lerchenberg.de\/index.php?rest_route=\/wp\/v2\/pages\/22"}],"wp:attachment":[{"href":"https:\/\/gs-lerchenberg.de\/index.php?rest_route=%2Fwp%2Fv2%2Fmedia&parent=856"}],"curies":[{"name":"wp","href":"https:\/\/api.w.org\/{rel}","templated":true}]}}