{"id":62,"date":"2018-11-30T20:49:51","date_gmt":"2018-11-30T19:49:51","guid":{"rendered":"https:\/\/gs-lerchenberg.de\/?page_id=62"},"modified":"2020-09-03T15:43:06","modified_gmt":"2020-09-03T13:43:06","slug":"datenschutz","status":"publish","type":"page","link":"https:\/\/gs-lerchenberg.de\/?page_id=62","title":{"rendered":"Datenschutz"},"content":{"rendered":"\n<p><strong>Datenschutzerkl\u00e4rung\nnach den Vorgaben der DSGVO<\/strong><\/p>\n\n\n\n<p>Herzlich Willkommen auf unserer\nschulischen Webseite. Wir messen dem Datenschutz gro\u00dfe Bedeutung bei. Die\nVerarbeitung Ihrer personenbezogenen Daten geschieht unter Beachtung der\ngeltenden datenschutzrechtlichen Vorschriften, insbesondere der\nDatenschutzgrundverordnung (DSGVO) und der dar\u00fcber hinausgehenden einschl\u00e4gigen\nnationalen Datenschutzregelungen. Wir erheben und verarbeiten Ihre\npersonenbezogenen Daten, um Ihnen diese Schulhomepage anbieten zu k\u00f6nnen. Diese\nErkl\u00e4rung beschreibt, wie und zu welchem Zweck Ihre Daten erfasst und genutzt\nwerden und welche Wahlm\u00f6glichkeiten Sie im Zusammenhang mit pers\u00f6nlichen Daten\nhaben.<\/p>\n\n\n\n<p>Durch Ihre Verwendung dieser Webseiten\nstimmen Sie der Verarbeitung Ihrer personenbezogenen Daten im Umfang und unter\nden Voraussetzungen dieser Datenschutzerkl\u00e4rung zu.<\/p>\n\n\n\n<h2 class=\"wp-block-heading\">I.&nbsp;&nbsp;&nbsp;&nbsp;&nbsp;&nbsp;&nbsp;&nbsp;&nbsp;\nName und Anschrift des Verantwortlichen<\/h2>\n\n\n\n<p>Der Verantwortliche im Sinne der\nDatenschutz-Grundverordnung und anderer nationaler Datenschutzgesetze der Mitgliedsstaaten\nsowie sonstiger datenschutzrechtlicher Bestimmungen ist die:<\/p>\n\n\n\n<p><em>Grundschule\nLerchenberg<\/em><\/p>\n\n\n\n<p><em>Hindemithstra\u00dfe\n1-5<\/em><\/p>\n\n\n\n<p><em>55127\nMainz<\/em><\/p>\n\n\n\n<p><em>Deutschland<\/em><\/p>\n\n\n\n<p><em>Tel.:\n06131-364660<\/em><\/p>\n\n\n\n<p><em>E-Mail:\nschule.gs-lerchenberg@stadt.mainz.de<\/em><\/p>\n\n\n\n<p><em>Website:\nwww.gs-lerchenberg.de<\/em><\/p>\n\n\n\n<p>Sofern Sie Verarbeitung Ihrer personenbezogenen\nDaten durch uns nach Ma\u00dfgabe dieser Datenschutzbestimmungen insgesamt oder f\u00fcr\neinzelne Ma\u00dfnahmen widersprechen wollen, k\u00f6nnen Sie Ihren Widerspruch an den\nVerantwortlichen sowie an unseren schulischen Datenschutzbeauftragten richten.<\/p>\n\n\n\n<p>Sie k\u00f6nnen diese Datenschutzerkl\u00e4rung\njederzeit speichern und ausdrucken.<\/p>\n\n\n\n<h2 class=\"wp-block-heading\">II.&nbsp;&nbsp;&nbsp;&nbsp;&nbsp;&nbsp;\nName und Anschrift des Datenschutzbeauftragten<\/h2>\n\n\n\n<p>Der schulische Datenschutzbeauftragte des\nVerantwortlichen ist:<\/p>\n\n\n\n<p><em>Millen, Susanne<\/em><\/p>\n\n\n\n<p><em>Hindemithstra\u00dfe\n1-5<\/em><\/p>\n\n\n\n<p><em>55127\nMainz<\/em><\/p>\n\n\n\n<p><em>Deutschland<\/em><\/p>\n\n\n\n<p><em>Tel.:\n06131-364660<\/em><\/p>\n\n\n\n<p><em>E-Mail:\nschule.gs-lerchenberg@stadt.mainz.de<\/em><\/p>\n\n\n\n<p><em>Website: www.gs-lerchenberg.de<\/em><\/p>\n\n\n\n<h2 class=\"wp-block-heading\">III.&nbsp;&nbsp;&nbsp;&nbsp;\nGeltungsbereich<\/h2>\n\n\n\n<p>Diese Datenschutzerkl\u00e4rung gilt f\u00fcr das\nInternet-Angebot <em>www.gs-lerchenberg.de <\/em>der\n<em>Grundschule Lerchenberg<\/em> und die dort\nangebotenen eigenen Inhalte. F\u00fcr Inhalte anderer Anbieter, auf die z.B. \u00fcber\nLinks verwiesen wird, gelten die dortigen Nutzungsbestimmungen.<\/p>\n\n\n\n<h2 class=\"wp-block-heading\">IV.&nbsp;&nbsp;&nbsp;&nbsp;\nWeiterleitung zu einem anderen Anbieter<\/h2>\n\n\n\n<p>Soweit aus unserem Angebot zu Inhalten\nanderer Anbieter verlinkt wird, unterliegt die Nutzung dieser Angebote\ngegebenenfalls anderen Bedingungen als in dieser Datenschutzerkl\u00e4rung\nbeschrieben.<\/p>\n\n\n\n<h2 class=\"wp-block-heading\">V.&nbsp;&nbsp;&nbsp;&nbsp;&nbsp;&nbsp;\nInhaltliche und redaktionelle Verantwortung<\/h2>\n\n\n\n<p>Die inhaltliche und redaktionelle Verantwortung liegt bei <em>der Schulleitung, vertreten durch Susanne Millen.<\/em><\/p>\n\n\n\n<h2 class=\"wp-block-heading\">VI.&nbsp;&nbsp;&nbsp;&nbsp;\nAllgemeines zur Datenverarbeitung<\/h2>\n\n\n\n<h3 class=\"wp-block-heading\">1.&nbsp;&nbsp;&nbsp;&nbsp;&nbsp;&nbsp;&nbsp;\nUmfang der Verarbeitung personenbezogener Daten<\/h3>\n\n\n\n<p>Wir verarbeiten personenbezogene Daten\nunserer Nutzer grunds\u00e4tzlich nur, soweit dies zur Bereitstellung einer\nfunktionsf\u00e4higen Website sowie unserer Inhalte und Leistungen erforderlich ist.\nDie Verarbeitung personenbezogener Daten unserer Nutzer erfolgt regelm\u00e4\u00dfig nur\nnach Einwilligung des Nutzers. Eine Ausnahme gilt in solchen F\u00e4llen, in denen\neine vorherige Einholung einer Einwilligung aus tats\u00e4chlichen Gr\u00fcnden nicht\nm\u00f6glich ist und die Verarbeitung der Daten durch gesetzliche Vorschriften\ngestattet ist. <\/p>\n\n\n\n<h3 class=\"wp-block-heading\">2.&nbsp;&nbsp;&nbsp;&nbsp;&nbsp;&nbsp;&nbsp;\nRechtsgrundlage f\u00fcr die Verarbeitung\npersonenbezogener Daten<\/h3>\n\n\n\n<p>Soweit wir f\u00fcr Verarbeitungsvorg\u00e4nge\npersonenbezogener Daten eine Einwilligung der betroffenen Person einholen,\ndient Art.&nbsp;6 Abs.&nbsp;1 lit.&nbsp;a EU-Datenschutzgrundverordnung (DSGVO)\nals Rechtsgrundlage.<\/p>\n\n\n\n<p>Soweit eine Verarbeitung personenbezogener\nDaten zur Erf\u00fcllung einer rechtlichen Verpflichtung erforderlich ist, der unser\nGrundschule unterliegt, dient Art.&nbsp;6 Abs.&nbsp;1 lit.&nbsp;c DSGVO als\nRechtsgrundlage.<\/p>\n\n\n\n<p>Soweit eine Verarbeitung personenbezogener\nDaten f\u00fcr die Wahrnehmung einer Aufgabe erforderlich ist, die im \u00f6ffentlichen\nInteresse liegt oder in Aus\u00fcbung \u00f6ffentlicher Gewalt erfolgt, dient Art.&nbsp;6\nAbs.&nbsp;1 lit.&nbsp;e DSGVO als Rechtsgrundlage.<\/p>\n\n\n\n<h3 class=\"wp-block-heading\">3.&nbsp;&nbsp;&nbsp;&nbsp;&nbsp;&nbsp;&nbsp;\nDatenl\u00f6schung und Speicherdauer<\/h3>\n\n\n\n<p>Die personenbezogenen Daten der\nbetroffenen Person werden gel\u00f6scht oder gesperrt, sobald der Zweck der\nSpeicherung entf\u00e4llt. Eine Speicherung kann dar\u00fcber hinaus erfolgen, wenn dies\ndurch den europ\u00e4ischen oder nationalen Gesetzgeber in unionsrechtlichen Verordnungen,\nGesetzen oder sonstigen Vorschriften, denen der Verantwortliche unterliegt,\nvorgesehen wurde. Eine Sperrung oder L\u00f6schung der Daten erfolgt auch dann, wenn\neine durch die genannten Normen vorgeschriebene Speicherfrist abl\u00e4uft, es sei\ndenn, dass eine Erforderlichkeit zur weiteren Speicherung der Daten f\u00fcr einen\nVertragsabschluss oder eine Vertragserf\u00fcllung besteht.<\/p>\n\n\n\n<h2 class=\"wp-block-heading\">VII.&nbsp; Bereitstellung\nder Website <\/h2>\n\n\n\n<h3 class=\"wp-block-heading\">1.&nbsp;&nbsp;&nbsp;&nbsp;&nbsp;&nbsp;&nbsp;\nBeschreibung und Umfang der Datenverarbeitung<\/h3>\n\n\n\n<p>Bei jedem Aufruf unserer Internetseite\nerfasst unser System automatisiert Daten und Informationen vom Computersystem\ndes aufrufenden Rechners oder Mobilger\u00e4tes. Wir erheben, speichern und nutzen\ndabei Daten \u00fcber jeden Zugriff auf unser Onlineangebot (sogenannte\nServerlogfiles).<\/p>\n\n\n\n<p>Folgende Daten werden hierbei erhoben:<\/p>\n\n\n\n<ol class=\"wp-block-list\"><li><em>Informationen\n\u00fcber den Browsertyp und die verwendete Version<\/em><\/li><li><em>Das\nBetriebssystem des Nutzers<\/em><\/li><li><em>Den\nInternet-Service-Provider des Nutzers<\/em><\/li><li><em>Die\nIP-Adresse des Nutzers<\/em><\/li><li><em>Datum\nund Uhrzeit des Zugriffs<\/em><\/li><li><em>Websites,\nvon denen das System des Nutzers auf unsere Internetseite gelangt <\/em><\/li><li><em>Websites,\ndie vom System des Nutzers \u00fcber unsere Website aufgerufen werden<\/em><\/li><li><em>Name\nund URL der abgerufenen Datei<\/em><\/li><li><em>\u00fcbertragene\nDatenmengen<\/em><\/li><\/ol>\n\n\n\n<h3 class=\"wp-block-heading\">2.&nbsp;&nbsp;&nbsp;&nbsp;&nbsp;&nbsp;&nbsp;\nRechtsgrundlage f\u00fcr die Datenverarbeitung <\/h3>\n\n\n\n<p>Rechtsgrundlage f\u00fcr die vor\u00fcbergehende\nSpeicherung der Daten ist Art. 6 Abs. 1 Buchstabe e, Abs. 2, Abs. 3 Buchstabe b\nDSGVO i.V.m. \u00a7 3 Landesdatenschutzgesetz Rheinland-Pfalz (LDSG). <\/p>\n\n\n\n<h3 class=\"wp-block-heading\">3.&nbsp;&nbsp;&nbsp;&nbsp;&nbsp;&nbsp;&nbsp;\nZweck der Datenverarbeitung<\/h3>\n\n\n\n<p>Die vor\u00fcbergehende Speicherung der\nIP-Adresse durch das System ist notwendig, um eine Auslieferung der Website an\nden Rechner des Nutzers zu erm\u00f6glichen. Hierf\u00fcr muss die IP-Adresse des Nutzers\nf\u00fcr die Dauer der Sitzung gespeichert bleiben. <\/p>\n\n\n\n<p>Wir nutzen diese Protokolldaten ohne\nZuordnung zu Ihrer Person oder sonstiger Profilerstellung f\u00fcr statistische\nAuswertungen zum Zweck des Betriebs, der Sicherheit und der Optimierung unseres\nOnlineangebotes, aber auch zur anonymen Erfassung der Anzahl der Besucher auf\nunserer Webseite sowie zum Umfang und zur Art der Nutzung unserer Webseite und\nDienste. Aufgrund dieser Informationen k\u00f6nnen wir den Datenverkehr analysieren,\nFehler suchen und beheben und unsere Dienste verbessern.<\/p>\n\n\n\n<p>Die Speicherung erfolgt somit lediglich,\num die Funktionsf\u00e4higkeit der Website sicherzustellen. Zudem dienen uns die\nDaten zur Optimierung der Webseite und zur Sicherstellung der Sicherheit\nunserer informationstechnischen Systeme. Eine Auswertung der Daten zu\nMarketingzwecken findet in diesem Zusammenhang nicht statt. <\/p>\n\n\n\n<h3 class=\"wp-block-heading\">4.&nbsp;&nbsp;&nbsp;&nbsp;&nbsp;&nbsp;&nbsp;\nDauer der Speicherung<\/h3>\n\n\n\n<p>Die Daten werden gel\u00f6scht, sobald sie f\u00fcr\ndie Erreichung des Zweckes ihrer Erhebung nicht mehr erforderlich sind. Im\nFalle der Erfassung der Daten zur Bereitstellung der Webseite ist dies der\nFall, wenn die jeweilige Sitzung beendet ist. Im Falle der Speicherung der\nDaten in Logfiles ist dies nach sp\u00e4testens sieben Tagen der Fall. <\/p>\n\n\n\n<p>Eine dar\u00fcberhinausgehende Speicherung\nfindet nicht statt.<\/p>\n\n\n\n<h3 class=\"wp-block-heading\">5.&nbsp;&nbsp;&nbsp;&nbsp;&nbsp;&nbsp;&nbsp;\nWiderspruchs- und Beseitigungsm\u00f6glichkeit<\/h3>\n\n\n\n<p>Die Erfassung der Daten zur Bereitstellung\nder Website und die Speicherung der Daten in Logfiles ist f\u00fcr den Betrieb der\nInternetseite zwingend erforderlich. Es besteht folglich seitens des Nutzers\nkeine Widerspruchsm\u00f6glichkeit. <\/p>\n\n\n\n<h2 class=\"wp-block-heading\">VIII.&nbsp;&nbsp;&nbsp;&nbsp;&nbsp;&nbsp;&nbsp;&nbsp;\nVerwendung von Cookies <\/h2>\n\n\n\n<p><strong>a)\nBeschreibung und Umfang der Datenverarbeitung<\/strong><\/p>\n\n\n\n<p>Unsere\nWebseite verwendet Cookies. Bei Cookies handelt es sich um Textdateien, die im\nInternetbrowser bzw. vom Internetbrowser auf dem Computersystem des Nutzers\ngespeichert werden. Ruft ein Nutzer eine Webseite auf, so kann ein Cookie auf\ndem Betriebssystem des Nutzers gespeichert werden. Dieser Cookie enth\u00e4lt eine\ncharakteristische Zeichenfolge, die eine eindeutige Identifizierung des\nBrowsers beim erneuten Aufrufen der Website erm\u00f6glicht. <\/p>\n\n\n\n<p>Wir setzen Cookies ein, um unsere Website\nnutzerfreundlicher zu gestalten. Einige Elemente unserer Internetseite\nerfordern es, dass der aufrufende Browser auch nach einem Seitenwechsel\nidentifiziert werden kann. <\/p>\n\n\n\n<p>In den Cookies werden dabei folgende Daten\ngespeichert und \u00fcbermittelt:<\/p>\n\n\n\n<p>Es folgt eine Auflistung der gespeicherten\nDaten. <\/p>\n\n\n\n<ol class=\"wp-block-list\"><li>Spracheinstellungen<\/li><li>Browserinformationen<\/li><li>Log-In-Informationen <\/li><\/ol>\n\n\n\n<p><strong>b)\nRechtsgrundlage f\u00fcr die Datenverarbeitung <\/strong><\/p>\n\n\n\n<p>Die Rechtsgrundlage f\u00fcr die Verarbeitung\npersonenbezogener Daten unter Verwendung technisch notweniger Cookies ist Art.\n6 Abs. 3 lit. b DSGVO i.V.m. \u00a7 3 LDSG.<\/p>\n\n\n\n<p><strong>c)\nZweck der Datenverarbeitung<\/strong><\/p>\n\n\n\n<p>Der Zweck der Verwendung technisch\nnotwendiger Cookies ist, die Nutzung von Websites f\u00fcr die Nutzer zu\nvereinfachen. Einige Funktionen unserer Internetseite k\u00f6nnen ohne den Einsatz\nvon Cookies nicht angeboten werden. F\u00fcr diese ist es erforderlich, dass der\nBrowser auch nach einem Seitenwechsel wiedererkannt wird.<\/p>\n\n\n\n<p>F\u00fcr folgende Anwendungen ben\u00f6tigen wir Cookies:<\/p>\n\n\n\n<ul class=\"wp-block-list\"><li>Dynamische Darstellung der Inhalte abh\u00e4ngig vom\nverwendeten Browser, z.B. bei Verwendung eines Mobilger\u00e4tes<\/li><li>Zur \u00dcberpr\u00fcfung, ob der aktuelle Benutzer ein\nangemeldeter Benutzer ist und falls ja, um benutzerspezifische Konfigurationen\nanzuwenden<\/li><li>Um die vom Benutzer ausgew\u00e4hlte Sprache zu\nspeichern und Inhalte entsprechend darzustellen<\/li><li>Um zu \u00fcberpr\u00fcfen, ob Cookies im Browser\naktiviert sind<\/li><\/ul>\n\n\n\n<p>Die durch technisch notwendige Cookies\nerhobenen Nutzerdaten werden nicht zur Erstellung von Nutzerprofilen verwendet.<\/p>\n\n\n\n<p><strong>e) Dauer der Speicherung, Widerspruchs- und\nBeseitigungsm\u00f6glichkeit<\/strong><\/p>\n\n\n\n<p>Cookies\nwerden auf dem Rechner des Nutzers gespeichert und von diesem an unserer Seite\n\u00fcbermittelt. Daher haben Sie als Nutzer auch die volle Kontrolle \u00fcber die\nVerwendung von Cookies. Durch eine \u00c4nderung der Einstellungen in Ihrem\nInternetbrowser k\u00f6nnen Sie die \u00dcbertragung von Cookies deaktivieren oder\neinschr\u00e4nken. Bereits gespeicherte Cookies k\u00f6nnen jederzeit gel\u00f6scht werden.\nDies kann auch automatisiert erfolgen. Werden Cookies f\u00fcr unsere Webseite\ndeaktiviert, k\u00f6nnen m\u00f6glicherweise nicht mehr alle Funktionen der Website\nvollumf\u00e4nglich genutzt werden.<\/p>\n\n\n\n<h2 class=\"wp-block-heading\">IX.&nbsp;&nbsp;&nbsp;&nbsp;\nRechte der betroffenen Person<\/h2>\n\n\n\n<p>Werden\npersonenbezogene Daten von Ihnen verarbeitet, sind Sie Betroffener im Sinne der\nDatenschutz-Grundverordnung und es stehen Ihnen folgende Rechte gegen\u00fcber dem\nVerantwortlichen zu:<\/p>\n\n\n\n<h3 class=\"wp-block-heading\">1.&nbsp;&nbsp;&nbsp;&nbsp;&nbsp;&nbsp;&nbsp;\nAuskunftsrecht<\/h3>\n\n\n\n<p>Sie\nk\u00f6nnen von dem Verantwortlichen eine Best\u00e4tigung dar\u00fcber verlangen, ob\npersonenbezogene Daten, die Sie betreffen, von uns verarbeitet werden. Ist dies\nder Fall, so haben Sie ein Recht auf umfassende Auskunft \u00fcber diese\npersonenbezogenen Daten und auf die in Art. 15 Abs. 1 DSGVO aufgef\u00fchrten\nInformationen.<\/p>\n\n\n\n<h3 class=\"wp-block-heading\">2.&nbsp;&nbsp;&nbsp;&nbsp;&nbsp;&nbsp;&nbsp;\nRecht auf Berichtigung <\/h3>\n\n\n\n<p>Sie\nhaben ein Recht auf Berichtigung und\/oder Vervollst\u00e4ndigung gegen\u00fcber dem\nVerantwortlichen, sofern die verarbeiteten personenbezogenen Daten, die Sie\nbetreffen, unrichtig oder unvollst\u00e4ndig sind. Der Verantwortliche hat die\nBerichtigung unverz\u00fcglich vorzunehmen.<\/p>\n\n\n\n<h3 class=\"wp-block-heading\">3.&nbsp;&nbsp;&nbsp;&nbsp;&nbsp;&nbsp;&nbsp;\nRecht auf Einschr\u00e4nkung der Verarbeitung<\/h3>\n\n\n\n<p>Unter\nden in Art. 18 DSGVO genannten Voraussetzungen k\u00f6nnen Sie die Einschr\u00e4nkung der\nVerarbeitung der Sie betreffenden personenbezogenen Daten verlangen.<\/p>\n\n\n\n<p>Wurde\ndie Verarbeitung der Sie betreffenden personenbezogenen Daten eingeschr\u00e4nkt,\nd\u00fcrfen diese Daten \u2013 von ihrer Speicherung abgesehen \u2013 nur mit Ihrer\nEinwilligung oder zur Geltendmachung, Aus\u00fcbung oder Verteidigung von\nRechtsanspr\u00fcchen oder zum Schutz der Rechte einer anderen nat\u00fcrlichen oder\njuristischen Person oder aus Gr\u00fcnden eines wichtigen \u00f6ffentlichen Interesses\nder Union oder eines Mitgliedstaats verarbeitet werden.<\/p>\n\n\n\n<h3 class=\"wp-block-heading\">4.&nbsp;&nbsp;&nbsp;&nbsp;&nbsp;&nbsp;&nbsp;\nRecht auf L\u00f6schung<\/h3>\n\n\n\n<h4 class=\"wp-block-heading\">a)&nbsp;&nbsp;&nbsp;&nbsp;&nbsp;&nbsp;&nbsp;\nL\u00f6schungspflicht<\/h4>\n\n\n\n<p>Sie\nk\u00f6nnen unter den in Art. 17 DSGVO genannten Voraussetzungen von dem\nVerantwortlichen verlangen, dass die Sie betreffenden personenbezogenen Daten\nunverz\u00fcglich gel\u00f6scht werden.<\/p>\n\n\n\n<h4 class=\"wp-block-heading\">b)&nbsp;&nbsp;&nbsp;&nbsp;&nbsp;&nbsp;&nbsp;\nInformation an Dritte<\/h4>\n\n\n\n<p>Hat\nder Verantwortliche die Sie betreffenden personenbezogenen Daten \u00f6ffentlich\ngemacht und ist er gem. Art.&nbsp;17 Abs.&nbsp;1 DSGVO zu deren L\u00f6schung\nverpflichtet, so trifft er unter Ber\u00fccksichtigung der verf\u00fcgbaren Technologie\nund der Implementierungskosten angemessene Ma\u00dfnahmen, auch technischer Art, um\nf\u00fcr die Datenverarbeitung Verantwortliche, die die personenbezogenen Daten verarbeiten,\ndar\u00fcber zu informieren, dass Sie als betroffene Person von ihnen die L\u00f6schung\naller Links zu diesen personenbezogenen Daten oder von Kopien oder\nReplikationen dieser personenbezogenen Daten verlangt haben. <\/p>\n\n\n\n<h4 class=\"wp-block-heading\">c)&nbsp;&nbsp;&nbsp;&nbsp;&nbsp;&nbsp;&nbsp;\nAusnahmen<\/h4>\n\n\n\n<p>Das\nRecht auf L\u00f6schung besteht nicht, soweit die Verarbeitung gem\u00e4\u00df den Vorgaben\ndes Art. 17 Abs. 3 DSGVO weiterhin erforderlich ist.<\/p>\n\n\n\n<h3 class=\"wp-block-heading\">5.&nbsp;&nbsp;&nbsp;&nbsp;&nbsp;&nbsp;&nbsp;\nRecht auf Unterrichtung<\/h3>\n\n\n\n<p>Haben\nSie das Recht auf Berichtigung, L\u00f6schung oder Einschr\u00e4nkung der Verarbeitung\ngegen\u00fcber dem Verantwortlichen geltend gemacht, ist dieser verpflichtet, allen\nEmpf\u00e4ngern, denen die Sie betreffenden personenbezogenen Daten offengelegt\nwurden, diese Berichtigung oder L\u00f6schung der Daten oder Einschr\u00e4nkung der\nVerarbeitung mitzuteilen, es sei denn, dies erweist sich als unm\u00f6glich oder ist\nmit einem unverh\u00e4ltnism\u00e4\u00dfigen Aufwand verbunden. Ihnen steht gegen\u00fcber dem\nVerantwortlichen das Recht zu, \u00fcber diese Empf\u00e4nger unterrichtet zu werden.<\/p>\n\n\n\n<h3 class=\"wp-block-heading\">6.&nbsp;&nbsp;&nbsp;&nbsp;&nbsp;&nbsp;&nbsp;\nWiderspruchsrecht<\/h3>\n\n\n\n<p>Sie\nhaben das Recht, aus Gr\u00fcnden, die sich aus ihrer besonderen Situation ergeben,\njederzeit gegen die Verarbeitung der Sie betreffenden personenbezogenen Daten,\nWiderspruch einzulegen. Der Verantwortliche verarbeitet die Sie betreffenden\npersonenbezogenen Daten nicht mehr, es sei denn, er kann zwingende\nschutzw\u00fcrdige Gr\u00fcnde f\u00fcr die Verarbeitung nachweisen, die Ihre Interessen,\nRechte und Freiheiten \u00fcberwiegen, oder die Verarbeitung dient der\nGeltendmachung, Aus\u00fcbung oder Verteidigung von Rechtsanspr\u00fcchen.<\/p>\n\n\n\n<h3 class=\"wp-block-heading\">7.&nbsp;&nbsp;&nbsp;&nbsp;&nbsp;&nbsp;&nbsp;\nRecht auf Widerruf der datenschutzrechtlichen\nEinwilligungserkl\u00e4rung<\/h3>\n\n\n\n<p>Sie\nhaben das Recht, Ihre datenschutzrechtliche Einwilligungserkl\u00e4rung jederzeit zu\nwiderrufen. Durch den Widerruf der Einwilligung wird die Rechtm\u00e4\u00dfigkeit der\naufgrund der Einwilligung bis zum Widerruf erfolgten Verarbeitung nicht\nber\u00fchrt.<\/p>\n\n\n\n<h3 class=\"wp-block-heading\">8.&nbsp;&nbsp;&nbsp;&nbsp;&nbsp;&nbsp;&nbsp;\nRecht auf Beschwerde bei einer Aufsichtsbeh\u00f6rde<\/h3>\n\n\n\n<p>Unbeschadet\nanderweitiger Rechtsbehelfe steht Ihnen das Recht auf Beschwerde bei einer\nAufsichtsbeh\u00f6rde zu, wenn Sie der Ansicht sind, dass die Verarbeitung der Sie\nbetreffenden personenbezogenen Daten gegen geltendes Datenschutzrecht verst\u00f6\u00dft.<\/p>\n\n\n\n<h2 class=\"wp-block-heading\">X.&nbsp;&nbsp;&nbsp;&nbsp;&nbsp;&nbsp;\n&nbsp;Auftragsverarbeitung , keine Daten\u00fcbertragung\nins Nicht-EU-Ausland<\/h2>\n\n\n\n<p>Eine Daten\u00fcbertragung an Stellen oder Personen au\u00dferhalb der EU findet nicht statt und ist nicht geplant.<\/p>\n\n\n\n<p>Version 20190126<\/p>\n\n\n<p><!--EndFragment--><\/p>\n<p><\/p>","protected":false},"excerpt":{"rendered":"<p>Datenschutzerkl\u00e4rung nach den Vorgaben der DSGVO Herzlich Willkommen auf unserer schulischen Webseite. Wir messen dem Datenschutz gro\u00dfe Bedeutung bei. Die Verarbeitung Ihrer personenbezogenen Daten geschieht unter Beachtung der geltenden datenschutzrechtlichen Vorschriften, insbesondere der Datenschutzgrundverordnung (DSGVO) und der dar\u00fcber hinausgehenden einschl\u00e4gigen <a href=\"https:\/\/gs-lerchenberg.de\/?page_id=62\" class=\"read-more\">Read More &#8230;<\/a><\/p>\n","protected":false},"author":1,"featured_media":0,"parent":152,"menu_order":0,"comment_status":"closed","ping_status":"closed","template":"","meta":{"footnotes":""},"class_list":["post-62","page","type-page","status-publish","hentry"],"_links":{"self":[{"href":"https:\/\/gs-lerchenberg.de\/index.php?rest_route=\/wp\/v2\/pages\/62","targetHints":{"allow":["GET"]}}],"collection":[{"href":"https:\/\/gs-lerchenberg.de\/index.php?rest_route=\/wp\/v2\/pages"}],"about":[{"href":"https:\/\/gs-lerchenberg.de\/index.php?rest_route=\/wp\/v2\/types\/page"}],"author":[{"embeddable":true,"href":"https:\/\/gs-lerchenberg.de\/index.php?rest_route=\/wp\/v2\/users\/1"}],"replies":[{"embeddable":true,"href":"https:\/\/gs-lerchenberg.de\/index.php?rest_route=%2Fwp%2Fv2%2Fcomments&post=62"}],"version-history":[{"count":4,"href":"https:\/\/gs-lerchenberg.de\/index.php?rest_route=\/wp\/v2\/pages\/62\/revisions"}],"predecessor-version":[{"id":728,"href":"https:\/\/gs-lerchenberg.de\/index.php?rest_route=\/wp\/v2\/pages\/62\/revisions\/728"}],"up":[{"embeddable":true,"href":"https:\/\/gs-lerchenberg.de\/index.php?rest_route=\/wp\/v2\/pages\/152"}],"wp:attachment":[{"href":"https:\/\/gs-lerchenberg.de\/index.php?rest_route=%2Fwp%2Fv2%2Fmedia&parent=62"}],"curies":[{"name":"wp","href":"https:\/\/api.w.org\/{rel}","templated":true}]}}