{"id":60,"date":"2018-11-30T20:49:36","date_gmt":"2018-11-30T19:49:36","guid":{"rendered":"https:\/\/gs-lerchenberg.de\/?page_id=60"},"modified":"2019-02-16T22:41:44","modified_gmt":"2019-02-16T21:41:44","slug":"impressum","status":"publish","type":"page","link":"https:\/\/gs-lerchenberg.de\/?page_id=60","title":{"rendered":"Impressum"},"content":{"rendered":"\n<p>Dieses Internetangebot wird herausgegeben von:<\/p>\n\n\n\n<p>Grundschule Lerchenberg<\/p>\n\n\n\n<p>Hindemithstra\u00dfe 1-5<\/p>\n\n\n\n<p>55127 Mainz<\/p>\n\n\n\n<p>Deutschland<\/p>\n\n\n\n<p>Tel.: 06131-364660<\/p>\n\n\n\n<p>E-Mail:\nschule.gs-lerchenberg@stadt.mainz.de<\/p>\n\n\n\n<p>Website:\nwww.gs-lerchenberg.de<\/p>\n\n\n\n<p><strong>Verantwortlich f\u00fcr den Inhalt dieser Webseite (vertretungsberechtigt):<\/strong><br><\/p>\n\n\n\n<p>Schulleitung, vertreten durch Lukas Gutzl<em>er<\/em><\/p>\n\n\n\n<p><strong>Haftungsausschluss (Disclaimer)<\/strong><\/p>\n\n\n\n<p>Bitte beachten Sie die wichtigen rechtlichen\nHinweise zu den Inhalten des Onlineangebotes, zu Verweisen bzw. externe Linke\nzum Urheberrecht.<\/p>\n\n\n\n<p><strong>1. Inhalt des Onlineangebotes<\/strong><\/p>\n\n\n\n<p>Die Inhalte unserer\nSchulhomepage <em>www.gs-lerchenberg.de<\/em> sollen Ihnen den Zugang zu Informationen \u00fcber unsere Schule erleichtern\nund ein zutreffendes Bild von den T\u00e4tigkeiten, Aktivit\u00e4ten und dem Leben der Grundschule\n<em>Lerchenberg<\/em> sowie der dort befindlichen Sch\u00fclerinnen und Sch\u00fcler vermitteln.<em><\/em><\/p>\n\n\n\n<p>Auf die Richtigkeit, Aktualit\u00e4t, Vollst\u00e4ndigkeit, Verst\u00e4ndlichkeit und\nVerf\u00fcgbarkeit der bereitgestellten Informationen wird zwar sehr sorgf\u00e4ltig\ngeachtet, dennoch \u00fcbernimmt die Grundschule <em>Lerchenberg<\/em> keinerlei\nGew\u00e4hr f\u00fcr die Richtigkeit, Vollst\u00e4ndigkeit, Verf\u00fcgbarkeit oder Aktualit\u00e4t der\nbereitgestellten Inhalte.<\/p>\n\n\n\n<p>Die <em>Grundschule\nLerchenberg<\/em> haftet nicht f\u00fcr Sch\u00e4den materieller oder\nimmaterieller Art, die durch die Nutzung oder Nichtnutzung angebotener\nInformationen oder dieses Internetangebots entstehen. F\u00fcr etwaige Sch\u00e4den, die\nbeim Aufrufen oder Herunterladen von Daten durch Schadsoftware oder der Installation\noder Nutzung von Software verursacht werden, wird nicht gehaftet, sofern\nseitens der Schule kein nachweislich vors\u00e4tzliches oder grob fahrl\u00e4ssiges\nVerschulden vorliegt. Ein Vertragsverh\u00e4ltnis mit den Nutzern des Internetangebots\nkommt nicht zustande.<\/p>\n\n\n\n<p>Alle Angebote sind freibleibend und unverbindlich. Die <em>Grundschule Lerchenberg<\/em> beh\u00e4lt es sich ausdr\u00fccklich vor, Teile der Seiten oder das gesamte Angebot\nohne gesonderte Ank\u00fcndigung zu ver\u00e4ndern, zu erg\u00e4nzen, zu l\u00f6schen oder die\nVer\u00f6ffentlichung zeitweise oder endg\u00fcltig einzustellen.<br>\n<br>\n<\/p>\n\n\n\n<p><strong>2. Inhalte anderweitiger Anbieter (Verweise und externe Links):<\/strong><br>\n<br>\nDie auf diesen Seiten evtl. vorhandenen direkten oder indirekten Verweise\n(\u201cLinks\u201c) zu Inhalten von Internetseiten Dritter (&#8222;fremden Inhalten&#8220;)\nwurden durch die <em>Grundschule Lerchenberg<\/em> nach bestem Wissen und unter Beachtung gr\u00f6\u00dftm\u00f6glicher Sorgfalt erstellt\nund vermitteln lediglich den Zugang zu &#8222;fremden Inhalten&#8220;. Dabei\nwurde auf die Vertrauensw\u00fcrdigkeit dritter Anbieter und die Fehlerfreiheit\nsowie Rechtm\u00e4\u00dfigkeit der &#8222;fremden Inhalte&#8220; besonders geachtet.<\/p>\n\n\n\n<p><br>\nDa jedoch der Inhalt von Internetseiten dynamisch ist und sich jederzeit \u00e4ndern\nkann, ist eine stetige Einzelfallpr\u00fcfung s\u00e4mtlicher Inhalte, auf die ein\nVerweis oder externer Link erstellt wurde, nicht in jedem Fall m\u00f6glich. Die <em>Grundschule Lerchenberg<\/em> macht sich deshalb den Inhalt von Internetseiten Dritter, die mit der\neigenen Internetpr\u00e4senz verlinkt sind, insoweit ausdr\u00fccklich nicht zu eigen. <\/p>\n\n\n\n<p>F\u00fcr Sch\u00e4den aus der Nutzung oder Nichtnutzung &#8222;fremder Inhalte&#8220; haftet\nausschlie\u00dflich der jeweilige Anbieter der Seite, auf die verwiesen wurde.<\/p>\n\n\n\n<p><strong>3. Urheberrecht:<\/strong><\/p>\n\n\n\n<p>Alle Inhalte und Strukturen dieser Website sind urheberrechtlich gesch\u00fctzt.\nDie Ver\u00f6ffentlichung im World Wide Web oder in sonstigen Diensten des Internet\nbedeutet noch keine Einverst\u00e4ndniserkl\u00e4rung f\u00fcr eine anderweitige Nutzung durch\nDritte. Die anderweitige Nutzung des hier bereitgestellten\nInformationsmaterials \u00fcber die Schule ist daher nicht zul\u00e4ssig. Auf den\nWebseiten zur Verf\u00fcgung gestellte Texte, Textteile, Grafiken, Tabellen sowie\nTon-, Video- oder Bildmaterialien von Sch\u00fclerinnen und Sch\u00fcler oder Lehrkr\u00e4fte\nder Schule, d\u00fcrfen ohne vorherige Zustimmung der <em>Grundschule Lerchenberg<\/em> nicht vervielf\u00e4ltigt, nicht verbreitet und nicht ausgestellt werden.<\/p>\n\n\n\n<p><strong>4. Datenschutz <\/strong><\/p>\n\n\n\n<p>Die Nutzung der im Rahmen des Impressums oder\nvergleichbarer Angaben ver\u00f6ffentlichten Kontaktdaten wie Postanschriften,\nTelefon- und Faxnummern sowie Emailadressen durch Dritte zur \u00dcbersendung von\nnicht ausdr\u00fccklich angeforderten Informationen oder Werbung ist nicht\ngestattet. Rechtliche Schritte gegen die Versender von sogenannten Spam-Mails\nbei Verst\u00f6\u00dfen gegen dieses Verbot sind ausdr\u00fccklich vorbehalten.<\/p>\n\n\n\n<p><strong>5. Rechtswirksamkeit dieses Haftungsausschlusses <\/strong><\/p>\n\n\n\n<p>Dieser Haftungsausschluss ist als Teil des\nInternetangebotes zu betrachten, von dem aus auf diese Seite verwiesen wurde.\nSofern Teile oder einzelne Formulierungen dieses Textes der geltenden\nRechtslage nicht, nicht mehr oder nicht vollst\u00e4ndig entsprechen sollten,\nbleiben die \u00fcbrigen Teile des Dokumentes in ihrem Inhalt und ihrer G\u00fcltigkeit\ndavon unber\u00fchrt. <\/p>\n\n\n\n<p><strong>Fehlermeldungen:<\/strong><\/p>\n\n\n\n<p>Die <em>Grundschule Lerchenberg<\/em> bittet die Nutzer von <em>www.gs-lerchenberg.de<\/em>, auf rechtswidrige oder fehlerhafte Inhalte Dritter, zu denen in der Internetpr\u00e4senz ein Link unterhalten wird, ggf. aufmerksam zu machen. Ebenso wird um eine Nachricht unter der angegebenen Kontaktadresse gebeten, wenn eigene Inhalte nicht fehlerfrei, aktuell, vollst\u00e4ndig, verf\u00fcgbar oder verst\u00e4ndlich sind.<\/p>\n\n\n<p><!--EndFragment--><\/p>\n<p><\/p>","protected":false},"excerpt":{"rendered":"<p>Dieses Internetangebot wird herausgegeben von: Grundschule Lerchenberg Hindemithstra\u00dfe 1-5 55127 Mainz Deutschland Tel.: 06131-364660 E-Mail: schule.gs-lerchenberg@stadt.mainz.de Website: www.gs-lerchenberg.de Verantwortlich f\u00fcr den Inhalt dieser Webseite (vertretungsberechtigt): Schulleitung, vertreten durch Lukas Gutzler Haftungsausschluss (Disclaimer) Bitte beachten Sie die wichtigen rechtlichen Hinweise zu <a href=\"https:\/\/gs-lerchenberg.de\/?page_id=60\" class=\"read-more\">Read More &#8230;<\/a><\/p>\n","protected":false},"author":1,"featured_media":0,"parent":152,"menu_order":0,"comment_status":"closed","ping_status":"closed","template":"","meta":{"footnotes":""},"class_list":["post-60","page","type-page","status-publish","hentry"],"_links":{"self":[{"href":"https:\/\/gs-lerchenberg.de\/index.php?rest_route=\/wp\/v2\/pages\/60","targetHints":{"allow":["GET"]}}],"collection":[{"href":"https:\/\/gs-lerchenberg.de\/index.php?rest_route=\/wp\/v2\/pages"}],"about":[{"href":"https:\/\/gs-lerchenberg.de\/index.php?rest_route=\/wp\/v2\/types\/page"}],"author":[{"embeddable":true,"href":"https:\/\/gs-lerchenberg.de\/index.php?rest_route=\/wp\/v2\/users\/1"}],"replies":[{"embeddable":true,"href":"https:\/\/gs-lerchenberg.de\/index.php?rest_route=%2Fwp%2Fv2%2Fcomments&post=60"}],"version-history":[{"count":3,"href":"https:\/\/gs-lerchenberg.de\/index.php?rest_route=\/wp\/v2\/pages\/60\/revisions"}],"predecessor-version":[{"id":155,"href":"https:\/\/gs-lerchenberg.de\/index.php?rest_route=\/wp\/v2\/pages\/60\/revisions\/155"}],"up":[{"embeddable":true,"href":"https:\/\/gs-lerchenberg.de\/index.php?rest_route=\/wp\/v2\/pages\/152"}],"wp:attachment":[{"href":"https:\/\/gs-lerchenberg.de\/index.php?rest_route=%2Fwp%2Fv2%2Fmedia&parent=60"}],"curies":[{"name":"wp","href":"https:\/\/api.w.org\/{rel}","templated":true}]}}