{"id":58,"date":"2018-11-30T20:48:01","date_gmt":"2018-11-30T19:48:01","guid":{"rendered":"https:\/\/gs-lerchenberg.de\/?page_id=58"},"modified":"2025-09-08T15:37:22","modified_gmt":"2025-09-08T13:37:22","slug":"eltern-abc","status":"publish","type":"page","link":"https:\/\/gs-lerchenberg.de\/?page_id=58","title":{"rendered":"Eltern ABC"},"content":{"rendered":"<div class=\"wp-block-image\">\n<figure class=\"alignright is-resized\"><img loading=\"lazy\" decoding=\"async\" width=\"640\" height=\"426\" src=\"https:\/\/gs-lerchenberg.de\/wp-content\/uploads\/2019\/03\/abc-1.jpg\" alt=\"\" class=\"wp-image-271\" style=\"width:320px;height:213px\" srcset=\"https:\/\/gs-lerchenberg.de\/wp-content\/uploads\/2019\/03\/abc-1.jpg 640w, https:\/\/gs-lerchenberg.de\/wp-content\/uploads\/2019\/03\/abc-1-300x200.jpg 300w, https:\/\/gs-lerchenberg.de\/wp-content\/uploads\/2019\/03\/abc-1-360x240.jpg 360w\" sizes=\"auto, (max-width: 640px) 100vw, 640px\" \/><\/figure><\/div>\n\n\n<p class=\"has-text-align-left\"><strong>Anmeldung: <\/strong>Die Anmeldung f\u00fcr die schulpflichtigen\nKinder findet immer im September statt. Alle Kinder, die bis zum 31.08. des\nnachfolgenden Jahres sechs Jahre alt werden, m\u00fcssen im September angemeldet\nwerden. Beispiel: Alle Kinder, die bis zum 31.08.2019 sechs Jahre alt werden,\nm\u00fcssen im September 2018 angemeldet werden. <\/p>\n\n\n\n<p>Alle\nKinder, die j\u00fcnger und schulf\u00e4hig sind, k\u00f6nnen angemeldet werden, allerdings\nerst im Februar des Folgejahres (Beispiel: im Februar 2019). <\/p>\n\n\n\n<p>Zur\nAnmeldung bringen Sie bitte mit:&nbsp; das zuk\u00fcnftige\nSchulkind und die Geburtsurkunde oder Stammbuch oder Reisepass des Kindes. <\/p>\n\n\n\n<p><strong>Betreuende Grundschule: <\/strong>Die Betreuende Grundschule ist ein freiwilliges und kostenpflichtiges Angebot des F\u00f6rdervereins der Grundschule. Folgende Angebote gibt es: Sie k\u00f6nnen Ihr Kind f\u00fcr die Fr\u00fchbetreuung t\u00e4glich morgens von 6:45 \u2013 7:45 Uhr in Kombination mit der Betreuung am Freitagnachmittag, von 12.00 bis 16.00 Uhr, anmelden (f\u00fcr 30 \u20ac monatlich). Dar\u00fcber besteht die M\u00f6glichkeit, lediglich die Betreuung am Freitagnachmittag in Anspruch zu nehmen (f\u00fcr 20 \u20ac monatlich). Ein Mittagessen (Brotdose) m\u00fcssen die Kinder freitags selbst mitbringen.<\/p>\n\n\n\n<p><strong>Beurlaubungen vom Unterricht:\n<\/strong>Beurlaubungen m\u00fcssen immer\nmindestens eine Woche vorher schriftlich bei der Klassenleitung erfragt werden.\nBeurlaubungen vom Unterricht direkt vor oder nach den Ferien kann nur die\nSchulleitung \u00fcbernehmen.<\/p>\n\n\n\n<p><strong>Beurlaubungen im\nGanztagsbereich:<\/strong>\nBeurlaubungen im Ganztagsbereich sind grunds\u00e4tzlich nur in Ausnahmef\u00e4llen\nm\u00f6glich. Gr\u00fcnde f\u00fcr Beurlaubungen sind: Kommunionsunterricht, therapeutische\nTermine (Nachweis erforderlich). <\/p>\n\n\n\n<p><strong>DANKE: <\/strong>Danke sagen m\u00f6chten wir allen Eltern, die\ndie Schule, die Kolleginnen und Kollegen, den SEB und den F\u00f6rderverein im\nInteresse der Kinder unterst\u00fctzen.<\/p>\n\n\n\n<p><strong>Einschulung: <\/strong>Die Einschulung der neuen Erstkl\u00e4ssler findet immer am zweiten Schultag nach den Sommerferien (in der Regel ein Dienstag) statt. Bisher fanden die Aufnahmefeiern immer ab 8:30 Uhr in der Turnhalle statt. Die Kinder haben ihre erste gemeinsame Schulstunde und gehen dann mit den Eltern nach Hause. Wichtig an diesem Tag ist, dass Sie bitte m\u00f6glichst nicht mit dem Auto zur Schule kommen, um ein Verkehrschaos zur Sicherheit aller Kinder zu verhindern.<\/p>\n\n\n\n<p><strong>Elternabende in den Klassen: <\/strong>In den einzelnen Klassen finden mindestens zweimal\nj\u00e4hrlich Elternabende statt.<\/p>\n\n\n\n<p><strong>Elternabende \u2013\nInformationsabende: <\/strong>Im Februar\nfindet ein Informationsabend zum&nbsp; Thema\n\u201eGanztagsschule\u201c statt. Im Mai findet ein Informationsabend f\u00fcr alle\nEltern der Schulneulinge statt. Dort erhalten Sie alle Infos dazu, wie Sie Ihr\nKind auf die Schule vorbereiten k\u00f6nnen. Ebenso k\u00f6nnen noch alle offenen Fragen\nzum Schulanfang besprochen werden.<\/p>\n\n\n\n<p><strong>Elterngespr\u00e4che: <\/strong>Gespr\u00e4chstermine bei Bedarf&nbsp; &#8211; au\u00dferhalb der Elternsprechtage -werden mit\nden Klassenleitungen abgesprochen.<\/p>\n\n\n\n<p><strong>Elternsprechtage: <\/strong>F\u00fcr die Eltern der 1. Klassen finden\nGespr\u00e4che in der Regel im Januar und Februar statt. F\u00fcr die Eltern der 2. und\n3. Klassen finden zum Halbjahresende Lehrer-Eltern-Sch\u00fclergespr\u00e4che statt. F\u00fcr\ndie Eltern der 4. Klassen finden zum Halbjahresende Empfehlungsgespr\u00e4che statt.\n<strong><\/strong><\/p>\n\n\n\n<p><strong>Fahrdienst: <\/strong>Der Fahrdienst f\u00e4hrt und bringt\nausschlie\u00dflich Integrationskinder, die nicht aus dem Einzugsgebiet der\nGrundschule kommen zur Schule und wieder nach Hause. Die Organisation obliegt\nden Eltern.&nbsp; <\/p>\n\n\n\n<p><strong>F\u00f6rderpl\u00e4ne: <\/strong>F\u00f6rderpl\u00e4ne k\u00f6nnen f\u00fcr alle Sch\u00fclerinnen\nund Sch\u00fcler verfasst werden, wenn ein Kind in einem Fach oder Bereich (z.B.\nLern -, Arbeitsverhalten, Sozialverhalten) Probleme zeigt. Im F\u00f6rderplan werden\nLernziele festgehalten, die mit den Eltern und auch dem Kind besprochen werden.\nF\u00f6rderpl\u00e4ne f\u00fcr Integrationskinder werden regelm\u00e4\u00dfig zweimal im Jahr\ngeschrieben und besprochen.<\/p>\n\n\n\n<p><strong>Ganztagsschule in\nAngebotsform:<\/strong> Die\nGrundschule Lerchenberg ist eine Ganztagsschule in Angebotsform. Der\nVormittagsunterricht findet gemeinsam mit allen Halbtags- und Ganztagskindern\nin den Klassen statt. Das Nachmittagsangebot f\u00fcr die Ganztagskinder schlie\u00dft\nsich an den Vormittagsunterricht an (f\u00fcr die 1.\/2. Klassen ab 12 Uhr und f\u00fcr\ndie 3.\/4. Klassen ab 13 Uhr). <\/p>\n\n\n\n<p><strong>Ganztagsbetreuung:<\/strong> Gemeinsames Mittagessen \u2013 Gemeinsame Spielzeit \u2013 Gemeinsame Lernzeit \u2013 AG-Angebote<\/p>\n\n\n\n<p><strong>Ganztagsschule:<\/strong> Kinder, die in der Ganztagsschule\nangemeldet sind, haben montags bis Donnerstag von 8.00 bis 16:00 Uhr Schule.\nDie Anmeldung findet im Februar statt und gilt f\u00fcr alle Schuljahre der\nGrundschule. W\u00e4hrend des laufenden Schuljahres kann nicht abgemeldet werden,\nnur zum Schuljahreswechsel ist dies m\u00f6glich. Die Ganztagsschule ist kostenlos.\nDie Eltern m\u00fcssen die Kosten des Mittagsessens selbst tragen.<\/p>\n\n\n\n<p><strong>Hausaufgaben: <\/strong>Hausaufgaben sollten in der 1. und 2.\nKlasse den Zeitrahmen von einer halben Stunde nicht \u00fcberschreiten, in der 3.\nund 4. Klasse liegt der Richtwert bei einer Stunde \u2013 damit gemeint ist die\nreine Arbeitszeit. Eltern sollen darauf achten, dass die Hausaufgaben\nregelm\u00e4\u00dfig angefertigt werden.<\/p>\n\n\n\n<p><strong>Inklusion: \u201e<\/strong>Inklusion bedeutet \u201edazu geh\u00f6ren\u201c.\nSch\u00fclerinnen und Sch\u00fcler mit und ohne Behinderung besuchen von Anfang an die\ngleichen Schulen und nehmen gleichberechtigt am gemeinsamen Unterricht teil.\n&#8230;\u201c entnommen bei: <a href=\"http:\/\/inklusion.bildung-rp.de\/inklusion\/schulische-inklusion.html\">http:\/\/inklusion.bildung-rp.de\/inklusion\/schulische-inklusion.html<\/a> siehe dort auch noch weitere Infos zum\nThema Inklusion.<\/p>\n\n\n\n<p><strong>Kann-Kinder-Anmeldung:<\/strong> Die Anmeldung der Kann -Kinder erfolgt\nimmer im Februar des Jahres, in dem das Kind eingeschult werden soll. &nbsp;<\/p>\n\n\n\n<p><strong>Klassenfahrten\/Ausfl\u00fcge: <\/strong>Klassenfahrten und Ausfl\u00fcge werden jeweils\nin den einzelnen Klassen von den Klassenleitungen organisiert. Ansprechpartner\ndazu sind immer die Klassenleitungen. <\/p>\n\n\n\n<p><strong>Krankmeldungen: <\/strong>Sollte Ihr Kind wegen Krankheit nicht in die Schule kommen k\u00f6nnen, melden Sie es bitte \u00fcber die Schulapp <em>sdui<\/em> bis 7:30 Uhr krank. Wenn Ihr Kind wieder in die Schule kommen kann, geben Sie ihm eine schriftliche Entschuldigung mit (siehe Vordruck auf der Homepage).<\/p>\n\n\n\n<p><strong>Lernzeit\/Hausaufgabenzeit: <\/strong>Die Lernzeit ist eine Zeitstunde, in der\ndie Ganztagskinder ihre Hausaufgaben machen sollen. Die Kinder werden in dieser\nZeit von einer Lehrperson oder Ganztagskraft unterst\u00fctzt. In dieser Zeit sollen\nsich alle leise und r\u00fccksichtsvoll verhalten, damit jedes Kind in Ruhe seine\nAufgaben erledigen kann. <\/p>\n\n\n\n<p><strong>Lehrer-Eltern-Sch\u00fclergespr\u00e4che\n(LES): <\/strong>Die LES-Gespr\u00e4che\nsind protokollierte Gespr\u00e4che, die in Rheinland-Pfalz zum Halbjahr im 1., 2.\nund 3. Schuljahr verpflichtend sind.<\/p>\n\n\n\n<p><strong>Mittagessen: <\/strong>Die Kosten tragen die Eltern. Bezieher von\nALG II oder Sozialhilfe k\u00f6nnen einen Zuschuss beantragen. Bei Fragen ist die\nSchule gerne behilflich.<\/p>\n\n\n\n<p><strong>Schulobst: <\/strong>Jeden Donnerstag wird frisches Obst f\u00fcr die Klassen geliefert. Die Anlieferer werden vom Ministerium ausgew\u00e4hlt und j\u00e4hrlich neu bestimmt.<\/p>\n\n\n\n<p><strong>Schulsozialarbeit: <\/strong>Frau Gnoth, unsere Schulsozialarbeiterin, ist Ansprechperson f\u00fcr Kinder, Eltern, Lehrerinnen und Lehrer in allen Belangen, die \u00fcber Unterrichtsarbeit an der Schule hinausgehen.<\/p>\n\n\n\n<p><strong>Schuluntersuchung: <\/strong>Diese wird von der Schul\u00e4rztin in der\nSchule durchgef\u00fchrt. Die Termine dazu erhalten sie bei der Anmeldung Ihres\nKindes im Sekretariat.<\/p>\n\n\n\n<p><strong>Schwimmunterricht:<\/strong> Die dritten Klassen gehen ein Jahr lang\nschwimmen. Es w\u00e4re sehr w\u00fcnschenswert, wenn Ihr Kind bis dahin schon einen\nSchwimmkurs besucht hat.<\/p>\n\n\n\n<p><strong>Sportf\u00f6rderunterricht,\ngenannt \u201eFit in Sport\u201c: <\/strong>Der\nSportf\u00f6rderunterricht ist ein zus\u00e4tzliches Angebot der Schule, wo Kinder, die\nmotorisch gef\u00f6rdert werden sollen, eine Stunde pro Woche durch eine\nausgebildete Lehrkraft zus\u00e4tzlich unterrichtet werden. F\u00fcr Halbtagskinder\nfindet der Sportf\u00f6rderunterricht nach dem regul\u00e4ren Unterricht statt, die\nGanztagskinder werden f\u00fcr diese Stunde von einer AG befreit. <\/p>\n\n\n\n<p><strong>Sportspielefest: <\/strong>Das Sportspielefest &#8211; ein <strong>Tag des Sports f\u00fcr alle <\/strong>&#8211; findet\u00a0jedes Jahr im Juni oder Juli statt. Alle Klassen nehmen daran teil. Die Kinder kommen an diesen Tag schon in Sportkleidung zur Schule. Die Klassen gehen gemeinsam zum Sportplatz und kommen gemeinsam wieder zur Schule zur\u00fcck.<\/p>\n\n\n\n<p><strong>Sprachf\u00f6rderunterricht (DaZ,\nDeutsch als Zweitsprache): <\/strong>Die\nals Sprachf\u00f6rderunterricht bekannteSprachf\u00f6rderung\nwird jetzt als Unterricht in Deutsch als Zweitsprache, kurz DaZ, bezeichnet.\nDie ADD weist den Schulen entsprechend der Anzahl der zu f\u00f6rdernden Kinder\nStunden zu. DaZ findet w\u00e4hrend des Schulvormittags statt, entweder als\nDoppelbesetzung in den einzelnen Klassen oder auch als externe F\u00f6rderung in\nGruppen parallel zum regul\u00e4ren Unterricht. Dabei wird immer &nbsp;mit der Klassenleitung abgesprochen, welche\nThemen\/Bereiche f\u00fcr die Kinder und die Gruppe am sinnvollsten sind.<\/p>\n\n\n\n<p><strong>Kooperationen: <\/strong>Unsere Schule arbeitet mit einer Reihe von\nVereinen\/Institutionen zusammen:<\/p>\n\n\n\n<ul class=\"wp-block-list\">\n<li><a href=\"https:\/\/www.juvente-mainz.de\/101-0-Regenbogentreff.html\">Stiftung Juvente &#8211; Regenbogentreff<\/a><\/li>\n\n\n\n<li><a href=\"http:\/\/www.gemeinsamleben-mainz.de\/\">Verein gemeinsam leben \u2013 gemeinsam lernen<\/a><\/li>\n\n\n\n<li><a href=\"http:\/\/sportclub-lerchenberg.de\/\">SCL<\/a><\/li>\n\n\n\n<li><a href=\"http:\/\/startblock-rhein-main.de\/\">Startblock: Bildungspaten<\/a><\/li>\n\n\n\n<li><a href=\"http:\/\/mentormainz.de\/\">Mentor Lesen Mainz<\/a><\/li>\n<\/ul>\n\n\n\n<p><strong>Unterrichtsbeginn: <\/strong>Unterrichtsbeginn ist um 8:00 Uhr. Ab 7.45\nUhr k\u00f6nnen die Sch\u00fclerinnen und Sch\u00fcler in die Klassen kommen. Bitte achten Sie\ndarauf, dass Ihr Kind nicht lange vor 7.45 Uhr auf dem Schulhof warten muss,\ndenn dort ist es nicht beaufsichtigt. Insbesondere in der kalten und nassen\nJahreszeit ist das Warten auf dem Schulhof sehr ungem\u00fctlich. Das Foyer ist\nnicht als Warteraum zu nutzen, da auch dort die Kinder nicht beaufsichtigt\nsind.<\/p>\n\n\n<p><!--EndFragment--><\/p>\n<\/p>","protected":false},"excerpt":{"rendered":"<p>Anmeldung: Die Anmeldung f\u00fcr die schulpflichtigen Kinder findet immer im September statt. Alle Kinder, die bis zum 31.08. des nachfolgenden Jahres sechs Jahre alt werden, m\u00fcssen im September angemeldet werden. Beispiel: Alle Kinder, die bis zum 31.08.2019 sechs Jahre alt <a href=\"https:\/\/gs-lerchenberg.de\/?page_id=58\" class=\"read-more\">Read More &#8230;<\/a><\/p>\n","protected":false},"author":1,"featured_media":0,"parent":152,"menu_order":0,"comment_status":"closed","ping_status":"closed","template":"","meta":{"footnotes":""},"class_list":["post-58","page","type-page","status-publish","hentry"],"_links":{"self":[{"href":"https:\/\/gs-lerchenberg.de\/index.php?rest_route=\/wp\/v2\/pages\/58","targetHints":{"allow":["GET"]}}],"collection":[{"href":"https:\/\/gs-lerchenberg.de\/index.php?rest_route=\/wp\/v2\/pages"}],"about":[{"href":"https:\/\/gs-lerchenberg.de\/index.php?rest_route=\/wp\/v2\/types\/page"}],"author":[{"embeddable":true,"href":"https:\/\/gs-lerchenberg.de\/index.php?rest_route=\/wp\/v2\/users\/1"}],"replies":[{"embeddable":true,"href":"https:\/\/gs-lerchenberg.de\/index.php?rest_route=%2Fwp%2Fv2%2Fcomments&post=58"}],"version-history":[{"count":7,"href":"https:\/\/gs-lerchenberg.de\/index.php?rest_route=\/wp\/v2\/pages\/58\/revisions"}],"predecessor-version":[{"id":1255,"href":"https:\/\/gs-lerchenberg.de\/index.php?rest_route=\/wp\/v2\/pages\/58\/revisions\/1255"}],"up":[{"embeddable":true,"href":"https:\/\/gs-lerchenberg.de\/index.php?rest_route=\/wp\/v2\/pages\/152"}],"wp:attachment":[{"href":"https:\/\/gs-lerchenberg.de\/index.php?rest_route=%2Fwp%2Fv2%2Fmedia&parent=58"}],"curies":[{"name":"wp","href":"https:\/\/api.w.org\/{rel}","templated":true}]}}