{"id":50,"date":"2018-11-30T20:45:45","date_gmt":"2018-11-30T19:45:45","guid":{"rendered":"https:\/\/gs-lerchenberg.de\/?page_id=50"},"modified":"2026-04-19T18:55:03","modified_gmt":"2026-04-19T16:55:03","slug":"sekreteriat","status":"publish","type":"page","link":"https:\/\/gs-lerchenberg.de\/?page_id=50","title":{"rendered":"Sekretariat"},"content":{"rendered":"\n<p><strong>Frau A. K\u00f6sters <\/strong>(1. Stock, Altbau)<\/p>\n\n\n\n<p><strong>\u00d6ffnungszeiten: Montag bis Donnerstag: 8 &#8211; 12 Uhr<\/strong><\/p>\n\n\n\n<p>Ein <strong>pers\u00f6nlicher Termin<\/strong> ist nur<strong> nach vorheriger Absprache<\/strong> m\u00f6glich. Bitte schreiben Sie eine Mail an die Schule oder sprechen Sie auf den Anrufbeantworter.<\/p>\n\n\n<p><!--EndFragment--><\/p>\n<\/p>\n\n\n<p>Wenn Sie eine <strong>Schulbescheinigung<\/strong> ben\u00f6tigen, schreiben Sie uns bitte eine<strong> E\u2011Mail<\/strong> an: schule.gs-lerchenberg@stadt.mainz.de.<br>Wir geben die Bescheinigung anschlie\u00dfend Ihrem Kind \u00fcber die Postmappe mit nach Hause.<br>Bitte sehen Sie von einem pers\u00f6nlichen Besuch in der Schule ab, da eine sofortige Ausstellung leider nicht m\u00f6glich ist. Vielen Dank f\u00fcr Ihr Verst\u00e4ndnis!<\/p>\n\n\n\n<p><\/p>\n","protected":false},"excerpt":{"rendered":"<p>Frau A. K\u00f6sters (1. Stock, Altbau) \u00d6ffnungszeiten: Montag bis Donnerstag: 8 &#8211; 12 Uhr Ein pers\u00f6nlicher Termin ist nur nach vorheriger Absprache m\u00f6glich. Bitte schreiben Sie eine Mail an die Schule oder sprechen Sie auf den Anrufbeantworter. Wenn Sie eine <a href=\"https:\/\/gs-lerchenberg.de\/?page_id=50\" class=\"read-more\">Read More &#8230;<\/a><\/p>\n","protected":false},"author":1,"featured_media":0,"parent":20,"menu_order":0,"comment_status":"closed","ping_status":"closed","template":"","meta":{"footnotes":""},"class_list":["post-50","page","type-page","status-publish","hentry"],"_links":{"self":[{"href":"https:\/\/gs-lerchenberg.de\/index.php?rest_route=\/wp\/v2\/pages\/50","targetHints":{"allow":["GET"]}}],"collection":[{"href":"https:\/\/gs-lerchenberg.de\/index.php?rest_route=\/wp\/v2\/pages"}],"about":[{"href":"https:\/\/gs-lerchenberg.de\/index.php?rest_route=\/wp\/v2\/types\/page"}],"author":[{"embeddable":true,"href":"https:\/\/gs-lerchenberg.de\/index.php?rest_route=\/wp\/v2\/users\/1"}],"replies":[{"embeddable":true,"href":"https:\/\/gs-lerchenberg.de\/index.php?rest_route=%2Fwp%2Fv2%2Fcomments&post=50"}],"version-history":[{"count":12,"href":"https:\/\/gs-lerchenberg.de\/index.php?rest_route=\/wp\/v2\/pages\/50\/revisions"}],"predecessor-version":[{"id":1284,"href":"https:\/\/gs-lerchenberg.de\/index.php?rest_route=\/wp\/v2\/pages\/50\/revisions\/1284"}],"up":[{"embeddable":true,"href":"https:\/\/gs-lerchenberg.de\/index.php?rest_route=\/wp\/v2\/pages\/20"}],"wp:attachment":[{"href":"https:\/\/gs-lerchenberg.de\/index.php?rest_route=%2Fwp%2Fv2%2Fmedia&parent=50"}],"curies":[{"name":"wp","href":"https:\/\/api.w.org\/{rel}","templated":true}]}}