{"id":46,"date":"2018-11-30T20:44:35","date_gmt":"2018-11-30T19:44:35","guid":{"rendered":"https:\/\/gs-lerchenberg.de\/?page_id=46"},"modified":"2025-09-08T15:16:56","modified_gmt":"2025-09-08T13:16:56","slug":"ganztagskraefte","status":"publish","type":"page","link":"https:\/\/gs-lerchenberg.de\/?page_id=46","title":{"rendered":"Ganztagskr\u00e4fte"},"content":{"rendered":"<p>In der Ganztagsschule engagieren sich neben den Lehrkr\u00e4ften auch zahlreiche weitere Mitarbeitende. Sie betreuen die Lernzeiten, bieten AGs an, beaufsichtigen die Kinder in R\u00e4umen wie dem Lese-Ruhe-Raum, Kreativraum oder Spieleraum. Das Herz unserer Ganztagsschule bilden die fest angestellten Frau Eisinger, Frau Netterdon, Frau Schierling sowie Frau Ott.\u00a0<\/p>\n\n\n<p><\/p>\n","protected":false},"excerpt":{"rendered":"<p>In der Ganztagsschule engagieren sich neben den Lehrkr\u00e4ften auch zahlreiche weitere Mitarbeitende. Sie betreuen die Lernzeiten, bieten AGs an, beaufsichtigen die Kinder in R\u00e4umen wie dem Lese-Ruhe-Raum, Kreativraum oder Spieleraum. Das Herz unserer Ganztagsschule bilden die fest angestellten Frau Eisinger, <a href=\"https:\/\/gs-lerchenberg.de\/?page_id=46\" class=\"read-more\">Read More &#8230;<\/a><\/p>\n","protected":false},"author":1,"featured_media":0,"parent":20,"menu_order":0,"comment_status":"closed","ping_status":"closed","template":"","meta":{"footnotes":""},"class_list":["post-46","page","type-page","status-publish","hentry"],"_links":{"self":[{"href":"https:\/\/gs-lerchenberg.de\/index.php?rest_route=\/wp\/v2\/pages\/46","targetHints":{"allow":["GET"]}}],"collection":[{"href":"https:\/\/gs-lerchenberg.de\/index.php?rest_route=\/wp\/v2\/pages"}],"about":[{"href":"https:\/\/gs-lerchenberg.de\/index.php?rest_route=\/wp\/v2\/types\/page"}],"author":[{"embeddable":true,"href":"https:\/\/gs-lerchenberg.de\/index.php?rest_route=\/wp\/v2\/users\/1"}],"replies":[{"embeddable":true,"href":"https:\/\/gs-lerchenberg.de\/index.php?rest_route=%2Fwp%2Fv2%2Fcomments&post=46"}],"version-history":[{"count":6,"href":"https:\/\/gs-lerchenberg.de\/index.php?rest_route=\/wp\/v2\/pages\/46\/revisions"}],"predecessor-version":[{"id":1252,"href":"https:\/\/gs-lerchenberg.de\/index.php?rest_route=\/wp\/v2\/pages\/46\/revisions\/1252"}],"up":[{"embeddable":true,"href":"https:\/\/gs-lerchenberg.de\/index.php?rest_route=\/wp\/v2\/pages\/20"}],"wp:attachment":[{"href":"https:\/\/gs-lerchenberg.de\/index.php?rest_route=%2Fwp%2Fv2%2Fmedia&parent=46"}],"curies":[{"name":"wp","href":"https:\/\/api.w.org\/{rel}","templated":true}]}}