{"id":42,"date":"2018-11-30T20:43:18","date_gmt":"2018-11-30T19:43:18","guid":{"rendered":"https:\/\/gs-lerchenberg.de\/?page_id=42"},"modified":"2026-02-08T17:55:46","modified_gmt":"2026-02-08T16:55:46","slug":"kollegium","status":"publish","type":"page","link":"https:\/\/gs-lerchenberg.de\/?page_id=42","title":{"rendered":"Kollegium"},"content":{"rendered":"\n<figure class=\"wp-block-image size-large\"><img loading=\"lazy\" decoding=\"async\" width=\"1024\" height=\"683\" src=\"https:\/\/gs-lerchenberg.de\/wp-content\/uploads\/2020\/09\/2020_09_02-Grundschule-LehrerInnen-Gruppenbild-1-1024x683.jpg\" alt=\"\" class=\"wp-image-729\" srcset=\"https:\/\/gs-lerchenberg.de\/wp-content\/uploads\/2020\/09\/2020_09_02-Grundschule-LehrerInnen-Gruppenbild-1-1024x683.jpg 1024w, https:\/\/gs-lerchenberg.de\/wp-content\/uploads\/2020\/09\/2020_09_02-Grundschule-LehrerInnen-Gruppenbild-1-300x200.jpg 300w, https:\/\/gs-lerchenberg.de\/wp-content\/uploads\/2020\/09\/2020_09_02-Grundschule-LehrerInnen-Gruppenbild-1-768x512.jpg 768w, https:\/\/gs-lerchenberg.de\/wp-content\/uploads\/2020\/09\/2020_09_02-Grundschule-LehrerInnen-Gruppenbild-1-2048x1365.jpg 2048w, https:\/\/gs-lerchenberg.de\/wp-content\/uploads\/2020\/09\/2020_09_02-Grundschule-LehrerInnen-Gruppenbild-1-360x240.jpg 360w\" sizes=\"auto, (max-width: 1024px) 100vw, 1024px\" \/><\/figure>\n\n\n\n<p><strong>Die Klassenleitungen in der \u00dcbersicht: <\/strong><\/p>\n\n\n<p><!--StartFragment--><\/p>\n\n\n<p>Klasse 1a: Frau Schricker<\/p>\n\n\n\n<p>Klasse 1b: Frau Drees, Frau Geiberger<\/p>\n\n\n\n<p>Klasse 1c: Frau von H\u00fclst<\/p>\n\n\n\n<p><\/p>\n\n\n\n<p><\/p>\n\n\n\n<div style=\"height:0px\" aria-hidden=\"true\" class=\"wp-block-spacer\"><\/div>\n\n\n<p><!--EndFragment--><\/p>\n\n\n<p>Klasse 2a: Frau Nikolay<\/p>\n\n\n\n<p>Klasse 2b: Frau M\u00fcller<\/p>\n\n\n\n<p>Klasse 2c: Frau Wetteskind<\/p>\n\n\n\n<p>Klasse 2d: Frau Br\u00f6ll<\/p>\n\n\n\n<p>Klasse 2e: Frau Singer<\/p>\n\n\n\n<div style=\"height:25px\" aria-hidden=\"true\" class=\"wp-block-spacer\"><\/div>\n\n\n\n<p><\/p>\n\n\n\n<p>Klasse 3a: Frau Sch\u00f6n<\/p>\n\n\n\n<p>Klasse 3b: Frau Remmers<\/p>\n\n\n\n<p>Klasse 3c: Frau Collet<\/p>\n\n\n\n<p>Klasse 3d: Frau Wittelsberger<\/p>\n\n\n\n<p><\/p>\n\n\n\n<div style=\"height:24px\" aria-hidden=\"true\" class=\"wp-block-spacer\"><\/div>\n\n\n\n<p>Klasse 4a: Herr Baumeister<\/p>\n\n\n\n<p>Klasse 4b: Frau Twelbeck<\/p>\n\n\n\n<p>Klasse 4c: Frau Bresser<\/p>\n\n\n\n<p>Klasse 4d: Frau Khalid<\/p>\n\n\n\n<div style=\"height:26px\" aria-hidden=\"true\" class=\"wp-block-spacer\"><\/div>\n\n\n\n<p><\/p>\n\n\n<p><!--EndFragment--><\/p>\n<\/p>","protected":false},"excerpt":{"rendered":"<p>Die Klassenleitungen in der \u00dcbersicht: Klasse 1a: Frau Schricker Klasse 1b: Frau Drees, Frau Geiberger Klasse 1c: Frau von H\u00fclst Klasse 2a: Frau Nikolay Klasse 2b: Frau M\u00fcller Klasse 2c: Frau Wetteskind Klasse 2d: Frau Br\u00f6ll Klasse 2e: Frau Singer <a href=\"https:\/\/gs-lerchenberg.de\/?page_id=42\" class=\"read-more\">Read More &#8230;<\/a><\/p>\n","protected":false},"author":1,"featured_media":0,"parent":20,"menu_order":0,"comment_status":"closed","ping_status":"closed","template":"","meta":{"footnotes":""},"class_list":["post-42","page","type-page","status-publish","hentry"],"_links":{"self":[{"href":"https:\/\/gs-lerchenberg.de\/index.php?rest_route=\/wp\/v2\/pages\/42","targetHints":{"allow":["GET"]}}],"collection":[{"href":"https:\/\/gs-lerchenberg.de\/index.php?rest_route=\/wp\/v2\/pages"}],"about":[{"href":"https:\/\/gs-lerchenberg.de\/index.php?rest_route=\/wp\/v2\/types\/page"}],"author":[{"embeddable":true,"href":"https:\/\/gs-lerchenberg.de\/index.php?rest_route=\/wp\/v2\/users\/1"}],"replies":[{"embeddable":true,"href":"https:\/\/gs-lerchenberg.de\/index.php?rest_route=%2Fwp%2Fv2%2Fcomments&post=42"}],"version-history":[{"count":23,"href":"https:\/\/gs-lerchenberg.de\/index.php?rest_route=\/wp\/v2\/pages\/42\/revisions"}],"predecessor-version":[{"id":1275,"href":"https:\/\/gs-lerchenberg.de\/index.php?rest_route=\/wp\/v2\/pages\/42\/revisions\/1275"}],"up":[{"embeddable":true,"href":"https:\/\/gs-lerchenberg.de\/index.php?rest_route=\/wp\/v2\/pages\/20"}],"wp:attachment":[{"href":"https:\/\/gs-lerchenberg.de\/index.php?rest_route=%2Fwp%2Fv2%2Fmedia&parent=42"}],"curies":[{"name":"wp","href":"https:\/\/api.w.org\/{rel}","templated":true}]}}