{"id":40,"date":"2018-11-30T20:42:41","date_gmt":"2018-11-30T19:42:41","guid":{"rendered":"https:\/\/gs-lerchenberg.de\/?page_id=40"},"modified":"2024-04-08T14:12:07","modified_gmt":"2024-04-08T12:12:07","slug":"schulsozialarbeit","status":"publish","type":"page","link":"https:\/\/gs-lerchenberg.de\/?page_id=40","title":{"rendered":"Schulsozialarbeit"},"content":{"rendered":"\n<p><strong>&nbsp;&nbsp;&nbsp;&nbsp;&nbsp;&nbsp;&nbsp; <\/strong>Als Schulsozialarbeiterin ist&nbsp;&nbsp;&nbsp;&nbsp;&nbsp;&nbsp;&nbsp;&nbsp;&nbsp;&nbsp;&nbsp;&nbsp;&nbsp;&nbsp;&nbsp;&nbsp;&nbsp;&nbsp;&nbsp;&nbsp;&nbsp;&nbsp;&nbsp; <\/p>\n\n\n<div class=\"wp-block-image\">\n<figure class=\"alignright size-full is-resized\"><img loading=\"lazy\" decoding=\"async\" width=\"546\" height=\"710\" src=\"https:\/\/gs-lerchenberg.de\/wp-content\/uploads\/2024\/03\/Bildschirmfoto-2024-03-18-um-15.33.37.png\" alt=\"\" class=\"wp-image-1089\" style=\"aspect-ratio:0.7690140845070422;width:187px;height:auto\" srcset=\"https:\/\/gs-lerchenberg.de\/wp-content\/uploads\/2024\/03\/Bildschirmfoto-2024-03-18-um-15.33.37.png 546w, https:\/\/gs-lerchenberg.de\/wp-content\/uploads\/2024\/03\/Bildschirmfoto-2024-03-18-um-15.33.37-231x300.png 231w, https:\/\/gs-lerchenberg.de\/wp-content\/uploads\/2024\/03\/Bildschirmfoto-2024-03-18-um-15.33.37-208x270.png 208w\" sizes=\"auto, (max-width: 546px) 100vw, 546px\" \/><\/figure><\/div>\n\n\n<ul class=\"wp-block-list\">\n<li><strong>Malin Gnoth<\/strong>             <\/li>\n<\/ul>\n\n\n\n<p>f\u00fcr Eltern, Lehrer und vor allem f\u00fcr die Kinder unserer Schule ansprechbar.<\/p>\n\n\n\n<p><\/p>\n\n\n\n<p>Liebe Kinder, Eltern und Erziehungsberechtigte,<br><br>Mein Name ist Malin Gnoth und ich bin die Schulsozialarbeiterin an der Grundschule Lerchenberg. Ich m\u00f6chte dazu beitragen, dass sich alle Beteiligten des Schullebens in unserer Schule angenommen f\u00fchlen, unterst\u00fctzt und begleitet werden. <\/p>\n\n\n\n<p><strong>Das bedeutet f\u00fcr Kinder:<\/strong><br>&#8211; &nbsp; &nbsp; &nbsp; &nbsp;Ich habe bei kleinen oder gro\u00dfen Problemen und \u00c4ngsten immer ein offenes Ohr f\u00fcr euch<br>&#8211; &nbsp; &nbsp; &nbsp; &nbsp;Wenn es mal \u00c4rger mit Mitsch\u00fcler_innen, Lehrer_innen oder zu Hause gibt, versuche ich mit euch gemeinsam                nach einer L\u00f6sung zu suchen, mit der sich alle wohlf\u00fchlen &nbsp;<br>&#8211; &nbsp; &nbsp; &nbsp; &nbsp;Ich erg\u00e4nze den Schulalltag mit sozialp\u00e4dagogischen Angeboten wie dem sozialen Lernen, in dem zum Beispiel ein gutes Miteinander einge\u00fcbt wird<br><br><strong>Eltern:<\/strong><br>&#8211; &nbsp; &nbsp; &nbsp; &nbsp;Wenn Sie Fragen zur Erziehung, F\u00f6rderung und\/oder Entwicklung Ihres Kindes haben, berate ich Sie gerne!<br>&#8211; &nbsp; &nbsp; &nbsp; &nbsp;Ich unterst\u00fctze Sie bei der Suche nach Freizeit- und Hilfsangeboten f\u00fcr Ihre Kinder<\/p>\n\n\n\n<p><strong>Lehrkr\u00e4fte:<\/strong><br>&#8211; &nbsp; &nbsp; &nbsp; &nbsp;Ich berate bei sozialp\u00e4dagogischen Fragestellungen&nbsp;<br>&#8211; &nbsp; &nbsp; &nbsp; &nbsp;Ich biete sozialp\u00e4dagogische Gruppenangebote an<br>&#8211; &nbsp; &nbsp; &nbsp; &nbsp;Wenn Sie bemerken, dass Kinder von Benachteiligung betroffen sind, helfe ich dabei, geeignete M\u00f6glichkeiten       zum Ausgleich zu finden<\/p>\n\n\n\n<p><br>Die Schulsozialarbeit ist ein&nbsp;<strong>kostenfreies, auf Freiwilligkeit basierendes und vertrauliches Angebot<\/strong>&nbsp;der Kinder und Jugendhilfe Mainz und wird an unserer Schule sehr gut angenommen. Melden Sie sich gerne bei mir:<br>Telefonisch<strong>: 0173 5692315<\/strong><br>Per E-Mail:&nbsp;<a href=\"mailto:malin.gnoth@stadt.mainz.de\"><strong>malin.gnoth@stadt.mainz.de<\/strong><\/a><br>2.OG, Raum 2.08<\/p>\n\n\n\n<p><br>Ich freue mich auf eine gute Zeit mit Ihnen und Ihren Kindern!<br>Viele Gr\u00fc\u00dfe,<br>Malin Gnoth<\/p>\n\n\n\n<figure class=\"wp-block-image size-full is-resized\"><img loading=\"lazy\" decoding=\"async\" width=\"378\" height=\"178\" src=\"https:\/\/gs-lerchenberg.de\/wp-content\/uploads\/2024\/04\/Bildschirmfoto-2024-04-08-um-14.07.32.png\" alt=\"\" class=\"wp-image-1110\" style=\"aspect-ratio:2.1235955056179776;width:173px;height:auto\" srcset=\"https:\/\/gs-lerchenberg.de\/wp-content\/uploads\/2024\/04\/Bildschirmfoto-2024-04-08-um-14.07.32.png 378w, https:\/\/gs-lerchenberg.de\/wp-content\/uploads\/2024\/04\/Bildschirmfoto-2024-04-08-um-14.07.32-300x141.png 300w, https:\/\/gs-lerchenberg.de\/wp-content\/uploads\/2024\/04\/Bildschirmfoto-2024-04-08-um-14.07.32-360x170.png 360w\" sizes=\"auto, (max-width: 378px) 100vw, 378px\" \/><\/figure>\n\n\n\n<p>Weitere Informationen unter:&nbsp;<a rel=\"noreferrer noopener\" href=\"https:\/\/www.jugend-in-mainz.de\/\" target=\"_blank\">https:\/\/www.jugend-in-mainz.de\/<\/a>&nbsp;<\/p>\n","protected":false},"excerpt":{"rendered":"<p>&nbsp;&nbsp;&nbsp;&nbsp;&nbsp;&nbsp;&nbsp; Als Schulsozialarbeiterin ist&nbsp;&nbsp;&nbsp;&nbsp;&nbsp;&nbsp;&nbsp;&nbsp;&nbsp;&nbsp;&nbsp;&nbsp;&nbsp;&nbsp;&nbsp;&nbsp;&nbsp;&nbsp;&nbsp;&nbsp;&nbsp;&nbsp;&nbsp; f\u00fcr Eltern, Lehrer und vor allem f\u00fcr die Kinder unserer Schule ansprechbar. Liebe Kinder, Eltern und Erziehungsberechtigte, Mein Name ist Malin Gnoth und ich bin die Schulsozialarbeiterin an der Grundschule Lerchenberg. Ich m\u00f6chte dazu beitragen, dass <a href=\"https:\/\/gs-lerchenberg.de\/?page_id=40\" class=\"read-more\">Read More &#8230;<\/a><\/p>\n","protected":false},"author":1,"featured_media":0,"parent":17,"menu_order":0,"comment_status":"closed","ping_status":"closed","template":"","meta":{"footnotes":""},"class_list":["post-40","page","type-page","status-publish","hentry"],"_links":{"self":[{"href":"https:\/\/gs-lerchenberg.de\/index.php?rest_route=\/wp\/v2\/pages\/40","targetHints":{"allow":["GET"]}}],"collection":[{"href":"https:\/\/gs-lerchenberg.de\/index.php?rest_route=\/wp\/v2\/pages"}],"about":[{"href":"https:\/\/gs-lerchenberg.de\/index.php?rest_route=\/wp\/v2\/types\/page"}],"author":[{"embeddable":true,"href":"https:\/\/gs-lerchenberg.de\/index.php?rest_route=\/wp\/v2\/users\/1"}],"replies":[{"embeddable":true,"href":"https:\/\/gs-lerchenberg.de\/index.php?rest_route=%2Fwp%2Fv2%2Fcomments&post=40"}],"version-history":[{"count":13,"href":"https:\/\/gs-lerchenberg.de\/index.php?rest_route=\/wp\/v2\/pages\/40\/revisions"}],"predecessor-version":[{"id":1114,"href":"https:\/\/gs-lerchenberg.de\/index.php?rest_route=\/wp\/v2\/pages\/40\/revisions\/1114"}],"up":[{"embeddable":true,"href":"https:\/\/gs-lerchenberg.de\/index.php?rest_route=\/wp\/v2\/pages\/17"}],"wp:attachment":[{"href":"https:\/\/gs-lerchenberg.de\/index.php?rest_route=%2Fwp%2Fv2%2Fmedia&parent=40"}],"curies":[{"name":"wp","href":"https:\/\/api.w.org\/{rel}","templated":true}]}}