{"id":38,"date":"2018-11-30T20:42:11","date_gmt":"2018-11-30T19:42:11","guid":{"rendered":"https:\/\/gs-lerchenberg.de\/?page_id=38"},"modified":"2025-09-08T14:41:09","modified_gmt":"2025-09-08T12:41:09","slug":"schwerpunktschule","status":"publish","type":"page","link":"https:\/\/gs-lerchenberg.de\/?page_id=38","title":{"rendered":"Schwerpunktschule"},"content":{"rendered":"\n<h2 class=\"wp-block-heading\"><strong>Eine Schule f\u00fcr alle<\/strong><\/h2>\n\n\n<p>Seit dem Schuljahr 2011\/12 ist die Grundschule Lerchenberg eine Schwerpunktschule.<\/p>\n<p>Hier leben und lernen Kinder mit und ohne Beeintr\u00e4chtigungen gemeinsam.<\/p>\n<p>Die Schwerpunktschule ist ein m\u00f6glicher Lernort f\u00fcr Sch\u00fclerinnen und Sch\u00fcler, bei denen sonderp\u00e4dagogischer F\u00f6rderbedarf festgestellt wurde.<\/p>\n<p>Kinder mit festgestelltem sonderp\u00e4dagogischen F\u00f6rderbedarf werden auch I-Kinder genannt.<\/p>\n<p>Personal an einer Schwerpunktschule:<\/p>\n<ul>\n<li>Grundschullehrerinnen und -lehrer leiten in der Regel eine Klasse als Klassenlehrerinnen\/-lehrer.<\/li>\n<li>F\u00f6rderlehrkr\u00e4fte und p\u00e4dagogische Fachkr\u00e4fte unterst\u00fctzen die ihnen zugeteilten I-Kinder stundenweise in den zugeh\u00f6rigen Klassen.<\/li>\n<li>Eine F\u00f6rderlehrerin\/p\u00e4dagogische Fachkraft ist f\u00fcr mehrere Klassen zust\u00e4ndig.<\/li>\n<li>Integrationskr\u00e4fte sind zus\u00e4tzliche Begleiter bzw. Helfer f\u00fcr die I-Kinder, die von den Eltern f\u00fcr ihr Kind beantragt werden k\u00f6nnen.<\/li>\n<\/ul>\n<p>Die p\u00e4dagogischen Grunds\u00e4tze sind:<\/p>\n<ul>\n<li>Alle Sch\u00fclerinnen und Sch\u00fcler haben die M\u00f6glichkeit, im eigenen Lerntempo Lerninhalte zu bew\u00e4ltigen und individuelle Lernziele anzustreben. Sie leben und lernen gemeinsam mit Sch\u00fclerinnen und Sch\u00fclern, die sonderp\u00e4dagogischen F\u00f6rderbedarf haben.<\/li>\n<li>Von dieser Zusammenarbeit profitieren <u>alle<\/u> Kinder. Sie helfen einander und erwerben dabei inhaltliche sowie soziale Kompetenzen.<\/li>\n<li>Der Unterricht zielt darauf, durch sonderp\u00e4dagogische und individuelle Hilfen eine den pers\u00f6nlichen M\u00f6glichkeiten entsprechende schulische Bildung zu verwirklichen, die auf berufliche Eingliederung, gesellschaftliche Teilhabe und selbstst\u00e4ndige Lebensf\u00fchrung vorbereitet.<\/li>\n<li>Der Unterricht ist \u2013 wenn erforderlich \u2013 zieldifferent. Das hei\u00dft: nicht alle Sch\u00fclerinnen und Sch\u00fcler streben im Unterricht die gleichen Lernziele an, alle Kinder verfolgen jedoch die Lernziele, die ihren individuellen M\u00f6glichkeiten entsprechen.<\/li>\n<li>Der Unterricht orientiert sich an den Lernzielen der verschiedenen sonderp\u00e4dagogischen F\u00f6rderschwerpunkte.<\/li>\n<\/ul>\n<p><!--EndFragment--><\/p>","protected":false},"excerpt":{"rendered":"<p>Eine Schule f\u00fcr alle Seit dem Schuljahr 2011\/12 ist die Grundschule Lerchenberg eine Schwerpunktschule. Hier leben und lernen Kinder mit und ohne Beeintr\u00e4chtigungen gemeinsam. Die Schwerpunktschule ist ein m\u00f6glicher Lernort f\u00fcr Sch\u00fclerinnen und Sch\u00fcler, bei denen sonderp\u00e4dagogischer F\u00f6rderbedarf festgestellt wurde. <a href=\"https:\/\/gs-lerchenberg.de\/?page_id=38\" class=\"read-more\">Read More &#8230;<\/a><\/p>\n","protected":false},"author":1,"featured_media":0,"parent":17,"menu_order":0,"comment_status":"closed","ping_status":"closed","template":"","meta":{"footnotes":""},"class_list":["post-38","page","type-page","status-publish","hentry"],"_links":{"self":[{"href":"https:\/\/gs-lerchenberg.de\/index.php?rest_route=\/wp\/v2\/pages\/38","targetHints":{"allow":["GET"]}}],"collection":[{"href":"https:\/\/gs-lerchenberg.de\/index.php?rest_route=\/wp\/v2\/pages"}],"about":[{"href":"https:\/\/gs-lerchenberg.de\/index.php?rest_route=\/wp\/v2\/types\/page"}],"author":[{"embeddable":true,"href":"https:\/\/gs-lerchenberg.de\/index.php?rest_route=\/wp\/v2\/users\/1"}],"replies":[{"embeddable":true,"href":"https:\/\/gs-lerchenberg.de\/index.php?rest_route=%2Fwp%2Fv2%2Fcomments&post=38"}],"version-history":[{"count":3,"href":"https:\/\/gs-lerchenberg.de\/index.php?rest_route=\/wp\/v2\/pages\/38\/revisions"}],"predecessor-version":[{"id":1244,"href":"https:\/\/gs-lerchenberg.de\/index.php?rest_route=\/wp\/v2\/pages\/38\/revisions\/1244"}],"up":[{"embeddable":true,"href":"https:\/\/gs-lerchenberg.de\/index.php?rest_route=\/wp\/v2\/pages\/17"}],"wp:attachment":[{"href":"https:\/\/gs-lerchenberg.de\/index.php?rest_route=%2Fwp%2Fv2%2Fmedia&parent=38"}],"curies":[{"name":"wp","href":"https:\/\/api.w.org\/{rel}","templated":true}]}}