{"id":34,"date":"2018-11-30T20:41:02","date_gmt":"2018-11-30T19:41:02","guid":{"rendered":"https:\/\/gs-lerchenberg.de\/?page_id=34"},"modified":"2025-09-08T14:51:22","modified_gmt":"2025-09-08T12:51:22","slug":"ganztagsschule","status":"publish","type":"page","link":"https:\/\/gs-lerchenberg.de\/?page_id=34","title":{"rendered":"Ganztagsschule"},"content":{"rendered":"<div class=\"wp-block-image\">\n<figure class=\"alignright is-resized\"><img loading=\"lazy\" decoding=\"async\" width=\"1024\" height=\"768\" src=\"https:\/\/gs-lerchenberg.de\/wp-content\/uploads\/2019\/03\/Mensa-1024x768-1024x768.jpg\" alt=\"\" class=\"wp-image-293\" style=\"width:256px;height:192px\" srcset=\"https:\/\/gs-lerchenberg.de\/wp-content\/uploads\/2019\/03\/Mensa-1024x768.jpg 1024w, https:\/\/gs-lerchenberg.de\/wp-content\/uploads\/2019\/03\/Mensa-1024x768-300x225.jpg 300w, https:\/\/gs-lerchenberg.de\/wp-content\/uploads\/2019\/03\/Mensa-1024x768-768x576.jpg 768w, https:\/\/gs-lerchenberg.de\/wp-content\/uploads\/2019\/03\/Mensa-1024x768-360x270.jpg 360w\" sizes=\"auto, (max-width: 1024px) 100vw, 1024px\" \/><figcaption class=\"wp-element-caption\">Unsere Mensa<\/figcaption><\/figure><\/div>\n\n\n<p>Unsere Grundschule ist eine Ganztagsschule in Angebotsform: d.h. Kinder, die in der <strong>Ganztagsschule<\/strong> angemeldet sind, haben <strong>montags bis donnerstags von 8.00 \u2013 16.00 Uhr<\/strong>\u00a0Schule. Die Anmeldung ist freiwillig. Sie gilt immer f\u00fcr ein ganzes Schuljahr und kann im laufenden Schuljahr nicht r\u00fcckg\u00e4ngig gemacht werden.<\/p>\n\n\n\n<p>Das Ende um 16.00 Uhr ist verbindlich, eine Beurlaubung nur in begr\u00fcndeten Ausnahmef\u00e4llen m\u00f6glich. (Grundschulordnung \u00a731 (4))<\/p>\n\n\n\n<p> Sie beinhaltet folgende <strong>verbindliche Aktivit\u00e4ten<\/strong>: <\/p>\n\n\n\n<ul class=\"wp-block-list\">\n<li>Gemeinsames Mittagessen in der Mensa \u2013 <strong>verbindliche Anmeldung beim Caterer<\/strong><\/li>\n\n\n\n<li>Betreute Spielzeit<\/li>\n\n\n\n<li>Lernzeit<\/li>\n\n\n\n<li>Freie Nachmittagsangebote (z.B. Kreativraum) oder Arbeitsgemeinschaften (AGs) f\u00fcr die Kinder der 1. bis 4. Klassen<\/li>\n<\/ul>\n\n\n\n<p>Die Ganztagsschule ist grunds\u00e4tzlich kostenlos.<br>Die Eltern zahlen lediglich das Mittagessen (t\u00e4glich 4,40 \u20ac).<br>Bezieher von ALG II und Sozialhilfe k\u00f6nnen bei der Stadt Mainz einen Zuschuss (Sozialfond) beantragen, ebenso Eltern mit geringem Einkommen (H\u00e4rtefond). Bei der Beantragung ist die Schule gerne behilflich.<\/p>\n\n\n\n<p><strong>Anmeldungen und Abmeldungen k\u00f6nnen<br>j\u00e4hrlich bis sp\u00e4testens 20. Februar erfolgen. <\/strong><\/p>\n\n\n\n<p>Neben Lehrkr\u00e4ften sind in der Ganztagsschule viele weitere Mitarbeitende aktiv. Frau Eisinger, Frau Netterdon und Frau Schierling sind fest angestellt und betreuen die Kinder beim Mittagessen sowie in ihren entsprechenden, thematisch unterschiedlichen R\u00e4umen von 14 bis16 Uhr.<\/p>\n\n\n\n<p>Dar\u00fcber hinaus kooperieren wir mit mehreren Partnern: Dem Landessportbund, dem SC Lerchenberg oder auch dem Peter Cornelius Konservatorium (<a rel=\"noreferrer noopener\" aria-label=\"http:\/\/www.pck-mainz.de (\u00f6ffnet in neuem Tab)\" href=\"http:\/\/www.pck-mainz.de\" target=\"_blank\">http:\/\/www.pck-mainz.de<\/a>). So k\u00f6nnen wir eine bunte Mischung an AGs anbieten \u2013 von sportlichen Angeboten bis hin zu einem Chor. <\/p>\n\n\n\n<p class=\"has-dark-gray-color has-text-color\" style=\"font-size:18px\">Genauere Informationen finden Sie in der angeh\u00e4ngten PowerPointPr\u00e4sentation!<\/p>\n","protected":false},"excerpt":{"rendered":"<p>Unsere Grundschule ist eine Ganztagsschule in Angebotsform: d.h. Kinder, die in der Ganztagsschule angemeldet sind, haben montags bis donnerstags von 8.00 \u2013 16.00 Uhr\u00a0Schule. Die Anmeldung ist freiwillig. Sie gilt immer f\u00fcr ein ganzes Schuljahr und kann im laufenden Schuljahr <a href=\"https:\/\/gs-lerchenberg.de\/?page_id=34\" class=\"read-more\">Read More &#8230;<\/a><\/p>\n","protected":false},"author":1,"featured_media":0,"parent":17,"menu_order":0,"comment_status":"closed","ping_status":"closed","template":"","meta":{"footnotes":""},"class_list":["post-34","page","type-page","status-publish","hentry"],"_links":{"self":[{"href":"https:\/\/gs-lerchenberg.de\/index.php?rest_route=\/wp\/v2\/pages\/34","targetHints":{"allow":["GET"]}}],"collection":[{"href":"https:\/\/gs-lerchenberg.de\/index.php?rest_route=\/wp\/v2\/pages"}],"about":[{"href":"https:\/\/gs-lerchenberg.de\/index.php?rest_route=\/wp\/v2\/types\/page"}],"author":[{"embeddable":true,"href":"https:\/\/gs-lerchenberg.de\/index.php?rest_route=\/wp\/v2\/users\/1"}],"replies":[{"embeddable":true,"href":"https:\/\/gs-lerchenberg.de\/index.php?rest_route=%2Fwp%2Fv2%2Fcomments&post=34"}],"version-history":[{"count":8,"href":"https:\/\/gs-lerchenberg.de\/index.php?rest_route=\/wp\/v2\/pages\/34\/revisions"}],"predecessor-version":[{"id":1246,"href":"https:\/\/gs-lerchenberg.de\/index.php?rest_route=\/wp\/v2\/pages\/34\/revisions\/1246"}],"up":[{"embeddable":true,"href":"https:\/\/gs-lerchenberg.de\/index.php?rest_route=\/wp\/v2\/pages\/17"}],"wp:attachment":[{"href":"https:\/\/gs-lerchenberg.de\/index.php?rest_route=%2Fwp%2Fv2%2Fmedia&parent=34"}],"curies":[{"name":"wp","href":"https:\/\/api.w.org\/{rel}","templated":true}]}}